{"id":51,"date":"2024-04-29T15:42:26","date_gmt":"2024-04-29T15:42:26","guid":{"rendered":"https:\/\/akare.com\/ticaret\/?page_id=51"},"modified":"2025-01-18T15:22:53","modified_gmt":"2025-01-18T15:22:53","slug":"aydinlatma-armaturleri","status":"publish","type":"page","link":"https:\/\/akare.com\/ticaret\/aydinlatma-armaturleri\/","title":{"rendered":"Ayd\u0131nlatma armat\u00fcrleri"},"content":{"rendered":"\n<figure class=\"wp-block-image size-full\"><img loading=\"lazy\" decoding=\"async\" width=\"277\" height=\"370\" src=\"https:\/\/akare.com\/ticaret\/wp-content\/uploads\/2024\/04\/image-31.png\" alt=\"\" class=\"wp-image-55\" srcset=\"https:\/\/akare.com\/ticaret\/wp-content\/uploads\/2024\/04\/image-31.png 277w, https:\/\/akare.com\/ticaret\/wp-content\/uploads\/2024\/04\/image-31-225x300.png 225w\" sizes=\"auto, (max-width: 277px) 100vw, 277px\" \/><\/figure>\n\n\n\n<p>Floresan armat\u00fcr i\u00e7in reflector<\/p>\n\n\n\n<p>STOK:&nbsp;&nbsp;&nbsp;&nbsp;&nbsp;&nbsp;&nbsp;&nbsp;&nbsp;&nbsp;&nbsp;&nbsp;&nbsp;&nbsp;&nbsp;&nbsp;&nbsp;&nbsp;&nbsp;&nbsp;&nbsp;&nbsp; 15 Adet <\/p>\n\n\n\n<p>B\u0130R\u0130M F\u0130AT:&nbsp;&nbsp;&nbsp;&nbsp;&nbsp;&nbsp;&nbsp;&nbsp;&nbsp;&nbsp;&nbsp;&nbsp; 120 TL<\/p>\n\n\n\n<figure class=\"wp-block-image size-full\"><img loading=\"lazy\" decoding=\"async\" width=\"277\" height=\"370\" src=\"https:\/\/akare.com\/ticaret\/wp-content\/uploads\/2024\/04\/image-32.png\" alt=\"\" class=\"wp-image-56\" srcset=\"https:\/\/akare.com\/ticaret\/wp-content\/uploads\/2024\/04\/image-32.png 277w, https:\/\/akare.com\/ticaret\/wp-content\/uploads\/2024\/04\/image-32-225x300.png 225w\" sizes=\"auto, (max-width: 277px) 100vw, 277px\" \/><\/figure>\n\n\n\n<p>TBS 2&#215;36 Floresan armat\u00fcr<\/p>\n\n\n\n<p>STOK:\u00a0\u00a0\u00a0\u00a0\u00a0\u00a0\u00a0\u00a0\u00a0\u00a0\u00a0\u00a0\u00a0\u00a0\u00a0\u00a0\u00a0\u00a0\u00a0\u00a0 2 Adet<\/p>\n\n\n\n<p>B\u0130R\u0130M F\u0130AT:\u00a0\u00a0\u00a0\u00a0\u00a0\u00a0\u00a0\u00a0\u00a0\u00a0 800 TL<\/p>\n\n\n\n<figure class=\"wp-block-image size-full\"><img loading=\"lazy\" decoding=\"async\" width=\"277\" height=\"370\" src=\"https:\/\/akare.com\/ticaret\/wp-content\/uploads\/2024\/04\/image-33.png\" alt=\"\" class=\"wp-image-57\" srcset=\"https:\/\/akare.com\/ticaret\/wp-content\/uploads\/2024\/04\/image-33.png 277w, https:\/\/akare.com\/ticaret\/wp-content\/uploads\/2024\/04\/image-33-225x300.png 225w\" sizes=\"auto, (max-width: 277px) 100vw, 277px\" \/><\/figure>\n\n\n\n<p>Etanj floresan armat\u00fcr 2x36W<\/p>\n\n\n\n<p>STOK:\u00a0\u00a0\u00a0\u00a0\u00a0\u00a0\u00a0\u00a0\u00a0\u00a0\u00a0\u00a0\u00a0\u00a0\u00a0\u00a0\u00a0\u00a0\u00a0\u00a0\u00a0\u00a0 4 Adet<\/p>\n\n\n\n<p>B\u0130R\u0130M F\u0130AT:\u00a0\u00a0\u00a0\u00a0\u00a0\u00a0\u00a0\u00a0\u00a0\u00a0\u00a0\u00a0 800 TL<\/p>\n\n\n\n<figure class=\"wp-block-image size-full\"><img loading=\"lazy\" decoding=\"async\" width=\"277\" height=\"370\" src=\"https:\/\/akare.com\/ticaret\/wp-content\/uploads\/2024\/04\/image-34.png\" alt=\"\" class=\"wp-image-58\" srcset=\"https:\/\/akare.com\/ticaret\/wp-content\/uploads\/2024\/04\/image-34.png 277w, https:\/\/akare.com\/ticaret\/wp-content\/uploads\/2024\/04\/image-34-225x300.png 225w\" sizes=\"auto, (max-width: 277px) 100vw, 277px\" \/><\/figure>\n\n\n\n<p>Etanj Floresan armat\u00fcr 1x36W<\/p>\n\n\n\n<p><a>STOK:\u00a0\u00a0\u00a0\u00a0\u00a0\u00a0\u00a0\u00a0\u00a0\u00a0\u00a0\u00a0\u00a0\u00a0\u00a0\u00a0\u00a0\u00a0\u00a0\u00a0\u00a0\u00a0 1 Adet<\/a><\/p>\n\n\n\n<p>B\u0130R\u0130M F\u0130AT:&nbsp;&nbsp;&nbsp;&nbsp;&nbsp;&nbsp;&nbsp;&nbsp;&nbsp;&nbsp;&nbsp;&nbsp; 450 TL<\/p>\n\n\n\n<figure class=\"wp-block-image size-full\"><img loading=\"lazy\" decoding=\"async\" width=\"277\" height=\"370\" src=\"https:\/\/akare.com\/ticaret\/wp-content\/uploads\/2024\/04\/image-35.png\" alt=\"\" class=\"wp-image-59\" srcset=\"https:\/\/akare.com\/ticaret\/wp-content\/uploads\/2024\/04\/image-35.png 277w, https:\/\/akare.com\/ticaret\/wp-content\/uploads\/2024\/04\/image-35-225x300.png 225w\" sizes=\"auto, (max-width: 277px) 100vw, 277px\" \/><\/figure>\n\n\n\n<p>Philips TMS 025 Floresan armat\u00fcr 1x18W<\/p>\n\n\n\n<p>STOK:&nbsp;&nbsp;&nbsp;&nbsp;&nbsp;&nbsp;&nbsp;&nbsp;&nbsp;&nbsp;&nbsp;&nbsp;&nbsp;&nbsp;&nbsp;&nbsp;&nbsp;&nbsp;&nbsp;&nbsp;&nbsp;&nbsp; 2 Adet<\/p>\n\n\n\n<p>B\u0130R\u0130M F\u0130AT:&nbsp;&nbsp;&nbsp;&nbsp;&nbsp;&nbsp;&nbsp;&nbsp;&nbsp;&nbsp;&nbsp;&nbsp; 400 TL<\/p>\n\n\n\n<figure class=\"wp-block-image size-full\"><img loading=\"lazy\" decoding=\"async\" width=\"277\" height=\"370\" src=\"https:\/\/akare.com\/ticaret\/wp-content\/uploads\/2024\/04\/image-36.png\" alt=\"\" class=\"wp-image-60\" srcset=\"https:\/\/akare.com\/ticaret\/wp-content\/uploads\/2024\/04\/image-36.png 277w, https:\/\/akare.com\/ticaret\/wp-content\/uploads\/2024\/04\/image-36-225x300.png 225w\" sizes=\"auto, (max-width: 277px) 100vw, 277px\" \/><\/figure>\n\n\n\n<p>Nokta &nbsp;tip halogen spot<\/p>\n\n\n\n<p>STOK:&nbsp;&nbsp;&nbsp;&nbsp;&nbsp;&nbsp;&nbsp;&nbsp;&nbsp;&nbsp;&nbsp;&nbsp;&nbsp;&nbsp;&nbsp;&nbsp;&nbsp;&nbsp;&nbsp;&nbsp;&nbsp; 3 Adet<\/p>\n\n\n\n<p>B\u0130R\u0130M F\u0130AT:&nbsp;&nbsp;&nbsp;&nbsp;&nbsp;&nbsp;&nbsp;&nbsp;&nbsp;&nbsp;&nbsp;&nbsp; 100 TL<\/p>\n\n\n\n<figure class=\"wp-block-image size-full\"><img loading=\"lazy\" decoding=\"async\" width=\"277\" height=\"370\" src=\"https:\/\/akare.com\/ticaret\/wp-content\/uploads\/2024\/04\/image-37.png\" alt=\"\" class=\"wp-image-61\" srcset=\"https:\/\/akare.com\/ticaret\/wp-content\/uploads\/2024\/04\/image-37.png 277w, https:\/\/akare.com\/ticaret\/wp-content\/uploads\/2024\/04\/image-37-225x300.png 225w\" sizes=\"auto, (max-width: 277px) 100vw, 277px\" \/><\/figure>\n\n\n\n<p>Halogen spot<\/p>\n\n\n\n<p>STOK:&nbsp;&nbsp;&nbsp;&nbsp;&nbsp;&nbsp;&nbsp;&nbsp;&nbsp;&nbsp;&nbsp;&nbsp;&nbsp;&nbsp;&nbsp;&nbsp;&nbsp;&nbsp;&nbsp;&nbsp;&nbsp; 4 Adet<\/p>\n\n\n\n<p>B\u0130R\u0130M F\u0130AT:&nbsp;&nbsp;&nbsp;&nbsp;&nbsp;&nbsp;&nbsp;&nbsp;&nbsp;&nbsp;&nbsp;&nbsp; 150 TL<\/p>\n\n\n\n<figure class=\"wp-block-image size-full\"><img loading=\"lazy\" decoding=\"async\" width=\"277\" height=\"370\" src=\"https:\/\/akare.com\/ticaret\/wp-content\/uploads\/2024\/04\/image-38.png\" alt=\"\" class=\"wp-image-62\" srcset=\"https:\/\/akare.com\/ticaret\/wp-content\/uploads\/2024\/04\/image-38.png 277w, https:\/\/akare.com\/ticaret\/wp-content\/uploads\/2024\/04\/image-38-225x300.png 225w\" sizes=\"auto, (max-width: 277px) 100vw, 277px\" \/><\/figure>\n\n\n\n<p>Targetti oynar ba\u015fl\u0131 halogen spot<\/p>\n\n\n\n<p>STOK:&nbsp;&nbsp;&nbsp;&nbsp;&nbsp;&nbsp;&nbsp;&nbsp;&nbsp;&nbsp;&nbsp;&nbsp;&nbsp;&nbsp;&nbsp;&nbsp;&nbsp;&nbsp;&nbsp;&nbsp;&nbsp; 4 Adet<\/p>\n\n\n\n<p>B\u0130R\u0130M F\u0130AT:&nbsp;&nbsp;&nbsp;&nbsp;&nbsp;&nbsp;&nbsp;&nbsp;&nbsp;&nbsp;&nbsp;&nbsp; 300 TL<\/p>\n\n\n\n<figure class=\"wp-block-image size-full\"><img loading=\"lazy\" decoding=\"async\" width=\"208\" height=\"277\" src=\"https:\/\/akare.com\/ticaret\/wp-content\/uploads\/2024\/04\/image-39.png\" alt=\"\" class=\"wp-image-63\"\/><\/figure>\n\n\n\n<p>Harici tip aplik<\/p>\n\n\n\n<p>STOK:&nbsp;&nbsp;&nbsp;&nbsp;&nbsp;&nbsp;&nbsp;&nbsp;&nbsp;&nbsp;&nbsp;&nbsp;&nbsp;&nbsp;&nbsp;&nbsp;&nbsp;&nbsp;&nbsp;&nbsp;&nbsp; 2 Adet<\/p>\n\n\n\n<p>B\u0130R\u0130M F\u0130AT:&nbsp;&nbsp;&nbsp;&nbsp;&nbsp;&nbsp;&nbsp;&nbsp;&nbsp;&nbsp;&nbsp;&nbsp; 1200 TL<\/p>\n\n\n\n<figure class=\"wp-block-image size-full\"><img loading=\"lazy\" decoding=\"async\" width=\"277\" height=\"370\" src=\"https:\/\/akare.com\/ticaret\/wp-content\/uploads\/2024\/04\/image-40.png\" alt=\"\" class=\"wp-image-64\" srcset=\"https:\/\/akare.com\/ticaret\/wp-content\/uploads\/2024\/04\/image-40.png 277w, https:\/\/akare.com\/ticaret\/wp-content\/uploads\/2024\/04\/image-40-225x300.png 225w\" sizes=\"auto, (max-width: 277px) 100vw, 277px\" \/><\/figure>\n\n\n\n<p>Philips FGC 532 armat\u00fcr<\/p>\n\n\n\n<p>STOK:&nbsp;&nbsp;&nbsp;&nbsp;&nbsp;&nbsp;&nbsp;&nbsp;&nbsp;&nbsp;&nbsp;&nbsp;&nbsp;&nbsp;&nbsp;&nbsp;&nbsp;&nbsp;&nbsp;&nbsp;&nbsp; 2 Adet<\/p>\n\n\n\n<p>B\u0130R\u0130M F\u0130AT:\u00a0\u00a0\u00a0\u00a0\u00a0\u00a0\u00a0\u00a0\u00a0\u00a0\u00a0 800 TL<\/p>\n\n\n\n<figure class=\"wp-block-image size-full\"><img loading=\"lazy\" decoding=\"async\" width=\"277\" height=\"370\" src=\"https:\/\/akare.com\/ticaret\/wp-content\/uploads\/2024\/04\/image-41.png\" alt=\"\" class=\"wp-image-65\" srcset=\"https:\/\/akare.com\/ticaret\/wp-content\/uploads\/2024\/04\/image-41.png 277w, https:\/\/akare.com\/ticaret\/wp-content\/uploads\/2024\/04\/image-41-225x300.png 225w\" sizes=\"auto, (max-width: 277px) 100vw, 277px\" \/><\/figure>\n\n\n\n<p>Siteco 2x26W spot armat\u00fcr<\/p>\n\n\n\n<p>STOK:&nbsp;&nbsp;&nbsp;&nbsp;&nbsp;&nbsp;&nbsp;&nbsp;&nbsp;&nbsp;&nbsp;&nbsp;&nbsp;&nbsp;&nbsp;&nbsp;&nbsp;&nbsp;&nbsp;&nbsp;&nbsp; 5 Adet<\/p>\n\n\n\n<p>B\u0130R\u0130M F\u0130AT:&nbsp;&nbsp;&nbsp;&nbsp;&nbsp;&nbsp;&nbsp;&nbsp;&nbsp;&nbsp;&nbsp; 900 TL<\/p>\n\n\n\n<figure class=\"wp-block-image size-full\"><img loading=\"lazy\" decoding=\"async\" width=\"1920\" height=\"2560\" src=\"https:\/\/akare.com\/ticaret\/wp-content\/uploads\/2025\/01\/IMG_8682-scaled.jpg\" alt=\"\" class=\"wp-image-334\" srcset=\"https:\/\/akare.com\/ticaret\/wp-content\/uploads\/2025\/01\/IMG_8682-scaled.jpg 1920w, https:\/\/akare.com\/ticaret\/wp-content\/uploads\/2025\/01\/IMG_8682-225x300.jpg 225w, https:\/\/akare.com\/ticaret\/wp-content\/uploads\/2025\/01\/IMG_8682-768x1024.jpg 768w, https:\/\/akare.com\/ticaret\/wp-content\/uploads\/2025\/01\/IMG_8682-1152x1536.jpg 1152w, https:\/\/akare.com\/ticaret\/wp-content\/uploads\/2025\/01\/IMG_8682-1536x2048.jpg 1536w\" sizes=\"auto, (max-width: 1920px) 100vw, 1920px\" \/><\/figure>\n\n\n\n<p>Neon armat\u00fcr<\/p>\n\n\n\n<p>STOK:\u00a0\u00a0\u00a0\u00a0\u00a0\u00a0\u00a0\u00a0\u00a0\u00a0\u00a0\u00a0\u00a0\u00a0\u00a0\u00a0\u00a0\u00a0\u00a0\u00a0\u00a0 100 metre<\/p>\n\n\n\n<p>B\u0130R\u0130M F\u0130AT:\u00a0\u00a0\u00a0\u00a0\u00a0\u00a0\u00a0\u00a0\u00a0\u00a0\u00a0 20 TL<\/p>\n","protected":false},"excerpt":{"rendered":"<p>Floresan armat\u00fcr i\u00e7in reflector STOK:&nbsp;&nbsp;&nbsp;&nbsp;&nbsp;&nbsp;&nbsp;&nbsp;&nbsp;&nbsp;&nbsp;&nbsp;&nbsp;&nbsp;&nbsp;&nbsp;&nbsp;&nbsp;&nbsp;&nbsp;&nbsp;&nbsp; 15 Adet B\u0130R\u0130M F\u0130AT:&nbsp;&nbsp;&nbsp;&nbsp;&nbsp;&nbsp;&nbsp;&nbsp;&nbsp;&nbsp;&nbsp;&nbsp; 120 TL TBS 2&#215;36 Floresan armat\u00fcr STOK:\u00a0\u00a0\u00a0\u00a0\u00a0\u00a0\u00a0\u00a0\u00a0\u00a0\u00a0\u00a0\u00a0\u00a0\u00a0\u00a0\u00a0\u00a0\u00a0\u00a0 2 Adet B\u0130R\u0130M F\u0130AT:\u00a0\u00a0\u00a0\u00a0\u00a0\u00a0\u00a0\u00a0\u00a0\u00a0 800 TL Etanj floresan armat\u00fcr 2x36W STOK:\u00a0\u00a0\u00a0\u00a0\u00a0\u00a0\u00a0\u00a0\u00a0\u00a0\u00a0\u00a0\u00a0\u00a0\u00a0\u00a0\u00a0\u00a0\u00a0\u00a0\u00a0\u00a0 4 Adet B\u0130R\u0130M F\u0130AT:\u00a0\u00a0\u00a0\u00a0\u00a0\u00a0\u00a0\u00a0\u00a0\u00a0\u00a0\u00a0 800 TL Etanj Floresan armat\u00fcr 1x36W STOK:\u00a0\u00a0\u00a0\u00a0\u00a0\u00a0\u00a0\u00a0\u00a0\u00a0\u00a0\u00a0\u00a0\u00a0\u00a0\u00a0\u00a0\u00a0\u00a0\u00a0\u00a0\u00a0 1 Adet B\u0130R\u0130M F\u0130AT:&nbsp;&nbsp;&nbsp;&nbsp;&nbsp;&nbsp;&nbsp;&nbsp;&nbsp;&nbsp;&nbsp;&nbsp; 450 TL Philips TMS 025 Floresan armat\u00fcr 1x18W STOK:&nbsp;&nbsp;&nbsp;&nbsp;&nbsp;&nbsp;&nbsp;&nbsp;&nbsp;&nbsp;&nbsp;&nbsp;&nbsp;&nbsp;&nbsp;&nbsp;&nbsp;&nbsp;&nbsp;&nbsp;&nbsp;&nbsp; 2 Adet B\u0130R\u0130M F\u0130AT:&nbsp;&nbsp;&nbsp;&nbsp;&nbsp;&nbsp;&nbsp;&nbsp;&nbsp;&nbsp;&nbsp;&nbsp; [&hellip;]<\/p>\n","protected":false},"author":1,"featured_media":0,"parent":0,"menu_order":0,"comment_status":"closed","ping_status":"closed","template":"","meta":{"footnotes":""},"class_list":["post-51","page","type-page","status-publish","hentry"],"_links":{"self":[{"href":"https:\/\/akare.com\/ticaret\/wp-json\/wp\/v2\/pages\/51","targetHints":{"allow":["GET"]}}],"collection":[{"href":"https:\/\/akare.com\/ticaret\/wp-json\/wp\/v2\/pages"}],"about":[{"href":"https:\/\/akare.com\/ticaret\/wp-json\/wp\/v2\/types\/page"}],"author":[{"embeddable":true,"href":"https:\/\/akare.com\/ticaret\/wp-json\/wp\/v2\/users\/1"}],"replies":[{"embeddable":true,"href":"https:\/\/akare.com\/ticaret\/wp-json\/wp\/v2\/comments?post=51"}],"version-history":[{"count":2,"href":"https:\/\/akare.com\/ticaret\/wp-json\/wp\/v2\/pages\/51\/revisions"}],"predecessor-version":[{"id":335,"href":"https:\/\/akare.com\/ticaret\/wp-json\/wp\/v2\/pages\/51\/revisions\/335"}],"wp:attachment":[{"href":"https:\/\/akare.com\/ticaret\/wp-json\/wp\/v2\/media?parent=51"}],"curies":[{"name":"wp","href":"https:\/\/api.w.org\/{rel}","templated":true}]}}