{"id":293,"date":"2024-05-11T14:22:06","date_gmt":"2024-05-11T14:22:06","guid":{"rendered":"https:\/\/akare.com\/ticaret\/?page_id=293"},"modified":"2025-01-18T14:50:07","modified_gmt":"2025-01-18T14:50:07","slug":"cihaz-ve-ekipmanlar","status":"publish","type":"page","link":"https:\/\/akare.com\/ticaret\/cihaz-ve-ekipmanlar\/","title":{"rendered":"C\u0130HAZ VE EK\u0130PMANLAR"},"content":{"rendered":"\n<div class=\"wp-block-group alignfull has-global-padding is-layout-constrained wp-container-core-group-is-layout-b25ccd55 wp-block-group-is-layout-constrained\" style=\"margin-top:0;margin-bottom:0;padding-top:var(--wp--preset--spacing--50);padding-right:var(--wp--preset--spacing--50);padding-bottom:var(--wp--preset--spacing--50);padding-left:var(--wp--preset--spacing--50)\">\n<div class=\"wp-block-columns alignwide is-layout-flex wp-container-core-columns-is-layout-ff4b9c61 wp-block-columns-is-layout-flex\" style=\"margin-top:0;margin-bottom:0\">\n<div class=\"wp-block-column is-layout-flow wp-container-core-column-is-layout-8a368f38 wp-block-column-is-layout-flow\">\n<div style=\"height:var(--wp--preset--spacing--50)\" aria-hidden=\"true\" class=\"wp-block-spacer\"><\/div>\n\n\n\n<figure class=\"wp-block-image size-large is-style-rounded is-style-rounded--1\"><img loading=\"lazy\" decoding=\"async\" width=\"768\" height=\"1024\" src=\"https:\/\/akare.com\/ticaret\/wp-content\/uploads\/2024\/05\/IMG_9736-768x1024.jpg\" alt=\"\" class=\"wp-image-297\" style=\"aspect-ratio:3\/4;object-fit:cover\" srcset=\"https:\/\/akare.com\/ticaret\/wp-content\/uploads\/2024\/05\/IMG_9736-768x1024.jpg 768w, https:\/\/akare.com\/ticaret\/wp-content\/uploads\/2024\/05\/IMG_9736-225x300.jpg 225w, https:\/\/akare.com\/ticaret\/wp-content\/uploads\/2024\/05\/IMG_9736-1152x1536.jpg 1152w, https:\/\/akare.com\/ticaret\/wp-content\/uploads\/2024\/05\/IMG_9736-1536x2048.jpg 1536w, https:\/\/akare.com\/ticaret\/wp-content\/uploads\/2024\/05\/IMG_9736-scaled.jpg 1920w\" sizes=\"auto, (max-width: 768px) 100vw, 768px\" \/><figcaption class=\"wp-element-caption\"><strong>Lutron Desibelmetre \/ Ses seviye \u00f6l\u00e7\u00fcm cihaz\u0131 SL4001<\/strong><\/figcaption><\/figure>\n\n\n\n<p>STOK:&nbsp;&nbsp;&nbsp;&nbsp;&nbsp;&nbsp;&nbsp;&nbsp;&nbsp;&nbsp;&nbsp;&nbsp;&nbsp;&nbsp;&nbsp;&nbsp;&nbsp;&nbsp;&nbsp;&nbsp; 1 Adet<\/p>\n\n\n\n<p>B\u0130R\u0130M F\u0130AT:\u00a0\u00a0\u00a0\u00a0\u00a0\u00a0\u00a0\u00a0\u00a0\u00a0 2500 TL<\/p>\n\n\n\n<div style=\"height:var(--wp--preset--spacing--50)\" aria-hidden=\"true\" class=\"wp-block-spacer\"><\/div>\n\n\n\n<figure class=\"wp-block-image size-large is-style-rounded is-style-rounded--2\"><img loading=\"lazy\" decoding=\"async\" width=\"768\" height=\"1024\" src=\"https:\/\/akare.com\/ticaret\/wp-content\/uploads\/2024\/05\/IMG_9744-768x1024.jpg\" alt=\"\" class=\"wp-image-298\" style=\"aspect-ratio:1;object-fit:cover\" srcset=\"https:\/\/akare.com\/ticaret\/wp-content\/uploads\/2024\/05\/IMG_9744-768x1024.jpg 768w, https:\/\/akare.com\/ticaret\/wp-content\/uploads\/2024\/05\/IMG_9744-225x300.jpg 225w, https:\/\/akare.com\/ticaret\/wp-content\/uploads\/2024\/05\/IMG_9744-1152x1536.jpg 1152w, https:\/\/akare.com\/ticaret\/wp-content\/uploads\/2024\/05\/IMG_9744-1536x2048.jpg 1536w, https:\/\/akare.com\/ticaret\/wp-content\/uploads\/2024\/05\/IMG_9744-scaled.jpg 1920w\" sizes=\"auto, (max-width: 768px) 100vw, 768px\" \/><figcaption class=\"wp-element-caption\"><strong>TES 1330 lux metre<\/strong><\/figcaption><\/figure>\n\n\n\n<p>STOK:&nbsp;&nbsp;&nbsp;&nbsp;&nbsp;&nbsp;&nbsp;&nbsp;&nbsp;&nbsp;&nbsp;&nbsp;&nbsp;&nbsp;&nbsp;&nbsp;&nbsp;&nbsp;&nbsp;&nbsp;&nbsp;&nbsp; 1 Adet<\/p>\n\n\n\n<p>B\u0130R\u0130M F\u0130AT:\u00a0\u00a0\u00a0\u00a0\u00a0\u00a0\u00a0\u00a0\u00a0\u00a0\u00a0\u00a0 1200 TL<\/p>\n\n\n\n<div style=\"height:var(--wp--preset--spacing--50)\" aria-hidden=\"true\" class=\"wp-block-spacer\"><\/div>\n\n\n\n<figure class=\"wp-block-image size-large is-style-rounded is-style-rounded--3\"><img loading=\"lazy\" decoding=\"async\" width=\"768\" height=\"1024\" src=\"https:\/\/akare.com\/ticaret\/wp-content\/uploads\/2024\/05\/IMG_9741-768x1024.jpg\" alt=\"\" class=\"wp-image-299\" style=\"aspect-ratio:1;object-fit:cover\" srcset=\"https:\/\/akare.com\/ticaret\/wp-content\/uploads\/2024\/05\/IMG_9741-768x1024.jpg 768w, https:\/\/akare.com\/ticaret\/wp-content\/uploads\/2024\/05\/IMG_9741-225x300.jpg 225w, https:\/\/akare.com\/ticaret\/wp-content\/uploads\/2024\/05\/IMG_9741-1152x1536.jpg 1152w, https:\/\/akare.com\/ticaret\/wp-content\/uploads\/2024\/05\/IMG_9741-1536x2048.jpg 1536w, https:\/\/akare.com\/ticaret\/wp-content\/uploads\/2024\/05\/IMG_9741-scaled.jpg 1920w\" sizes=\"auto, (max-width: 768px) 100vw, 768px\" \/><figcaption class=\"wp-element-caption\"><strong>DC G\u00dc\u00c7 KAYNA\u011eI 12V 12A<\/strong><\/figcaption><\/figure>\n\n\n\n<p>STOK:&nbsp;&nbsp;&nbsp;&nbsp;&nbsp;&nbsp;&nbsp;&nbsp;&nbsp;&nbsp;&nbsp;&nbsp;&nbsp;&nbsp;&nbsp;&nbsp;&nbsp;&nbsp;&nbsp;&nbsp;&nbsp;&nbsp; 1 Adet<\/p>\n\n\n\n<p>B\u0130R\u0130M F\u0130AT:&nbsp;&nbsp;&nbsp;&nbsp;&nbsp;&nbsp;&nbsp;&nbsp;&nbsp;&nbsp;&nbsp;&nbsp; 2000 TL<\/p>\n<\/div>\n\n\n\n<div class=\"wp-block-column is-layout-flow wp-container-core-column-is-layout-8a368f38 wp-block-column-is-layout-flow\">\n<figure class=\"wp-block-image size-large is-style-rounded is-style-rounded--4\"><img loading=\"lazy\" decoding=\"async\" width=\"1024\" height=\"768\" src=\"https:\/\/akare.com\/ticaret\/wp-content\/uploads\/2024\/05\/aksage2200-1-1024x768.jpg\" alt=\"\" class=\"wp-image-300\" style=\"aspect-ratio:3\/4;object-fit:cover\" srcset=\"https:\/\/akare.com\/ticaret\/wp-content\/uploads\/2024\/05\/aksage2200-1-1024x768.jpg 1024w, https:\/\/akare.com\/ticaret\/wp-content\/uploads\/2024\/05\/aksage2200-1-300x225.jpg 300w, https:\/\/akare.com\/ticaret\/wp-content\/uploads\/2024\/05\/aksage2200-1-768x576.jpg 768w, https:\/\/akare.com\/ticaret\/wp-content\/uploads\/2024\/05\/aksage2200-1-1536x1152.jpg 1536w, https:\/\/akare.com\/ticaret\/wp-content\/uploads\/2024\/05\/aksage2200-1-2048x1536.jpg 2048w\" sizes=\"auto, (max-width: 1024px) 100vw, 1024px\" \/><figcaption class=\"wp-element-caption\"><strong>JENERAT\u00d6R 3 KVA AKSA GE 2200<\/strong><\/figcaption><\/figure>\n\n\n\n<p><a>STOK:&nbsp;&nbsp;&nbsp;&nbsp;&nbsp;&nbsp;&nbsp;&nbsp;&nbsp;&nbsp;&nbsp;&nbsp;&nbsp;&nbsp;&nbsp;&nbsp;&nbsp;&nbsp;&nbsp;&nbsp;&nbsp;&nbsp; 1 Adet<\/a><\/p>\n\n\n\n<p>B\u0130R\u0130M F\u0130AT:\u00a0\u00a0\u00a0\u00a0\u00a0\u00a0\u00a0\u00a0\u00a0\u00a0\u00a0\u00a0 7800 TL<\/p>\n\n\n\n<div style=\"height:var(--wp--preset--spacing--50)\" aria-hidden=\"true\" class=\"wp-block-spacer\"><\/div>\n\n\n\n<figure class=\"wp-block-image size-large is-style-rounded is-style-rounded--5\"><img loading=\"lazy\" decoding=\"async\" width=\"1024\" height=\"768\" src=\"https:\/\/akare.com\/ticaret\/wp-content\/uploads\/2024\/05\/130920121407-1-1024x768.jpg\" alt=\"\" class=\"wp-image-301\" style=\"aspect-ratio:3\/4;object-fit:cover\" srcset=\"https:\/\/akare.com\/ticaret\/wp-content\/uploads\/2024\/05\/130920121407-1-1024x768.jpg 1024w, https:\/\/akare.com\/ticaret\/wp-content\/uploads\/2024\/05\/130920121407-1-300x225.jpg 300w, https:\/\/akare.com\/ticaret\/wp-content\/uploads\/2024\/05\/130920121407-1-768x576.jpg 768w, https:\/\/akare.com\/ticaret\/wp-content\/uploads\/2024\/05\/130920121407-1-1536x1152.jpg 1536w, https:\/\/akare.com\/ticaret\/wp-content\/uploads\/2024\/05\/130920121407-1-2048x1536.jpg 2048w\" sizes=\"auto, (max-width: 1024px) 100vw, 1024px\" \/><figcaption class=\"wp-element-caption\"><strong>JENERAT\u00d6R 3 KVA AKSA GE 2200<\/strong><\/figcaption><\/figure>\n\n\n\n<div style=\"height:var(--wp--preset--spacing--50)\" aria-hidden=\"true\" class=\"wp-block-spacer\"><\/div>\n\n\n\n<figure class=\"wp-block-image size-large is-style-rounded is-style-rounded--6\"><img loading=\"lazy\" decoding=\"async\" width=\"1024\" height=\"768\" src=\"https:\/\/akare.com\/ticaret\/wp-content\/uploads\/2024\/05\/IMG_7064-1024x768.jpg\" alt=\"\" class=\"wp-image-302\" style=\"aspect-ratio:16\/9;object-fit:cover\" srcset=\"https:\/\/akare.com\/ticaret\/wp-content\/uploads\/2024\/05\/IMG_7064-1024x768.jpg 1024w, https:\/\/akare.com\/ticaret\/wp-content\/uploads\/2024\/05\/IMG_7064-300x225.jpg 300w, https:\/\/akare.com\/ticaret\/wp-content\/uploads\/2024\/05\/IMG_7064-768x576.jpg 768w, https:\/\/akare.com\/ticaret\/wp-content\/uploads\/2024\/05\/IMG_7064-1536x1152.jpg 1536w, https:\/\/akare.com\/ticaret\/wp-content\/uploads\/2024\/05\/IMG_7064-2048x1536.jpg 2048w\" sizes=\"auto, (max-width: 1024px) 100vw, 1024px\" \/><figcaption class=\"wp-element-caption\"><strong>JENERAT\u00d6R 3 KVA AKSA GE 2200<\/strong><\/figcaption><\/figure>\n\n\n\n<p><\/p>\n<\/div>\n<\/div>\n<\/div>\n\n\n\n<div class=\"wp-block-group alignfull has-global-padding is-layout-constrained wp-container-core-group-is-layout-b25ccd55 wp-block-group-is-layout-constrained\" style=\"margin-top:0;margin-bottom:0;padding-top:var(--wp--preset--spacing--50);padding-right:var(--wp--preset--spacing--50);padding-bottom:var(--wp--preset--spacing--50);padding-left:var(--wp--preset--spacing--50)\">\n<div class=\"wp-block-columns alignwide is-layout-flex wp-container-core-columns-is-layout-ff4b9c61 wp-block-columns-is-layout-flex\" style=\"margin-top:0;margin-bottom:0\">\n<div class=\"wp-block-column is-layout-flow wp-container-core-column-is-layout-8a368f38 wp-block-column-is-layout-flow\">\n<figure class=\"wp-block-image size-large is-style-rounded is-style-rounded--7\"><img loading=\"lazy\" decoding=\"async\" width=\"1024\" height=\"768\" src=\"https:\/\/akare.com\/ticaret\/wp-content\/uploads\/2024\/05\/canonnp1550-1-1024x768.jpg\" alt=\"\" class=\"wp-image-306\" style=\"aspect-ratio:4\/3;object-fit:cover\" srcset=\"https:\/\/akare.com\/ticaret\/wp-content\/uploads\/2024\/05\/canonnp1550-1-1024x768.jpg 1024w, https:\/\/akare.com\/ticaret\/wp-content\/uploads\/2024\/05\/canonnp1550-1-300x225.jpg 300w, https:\/\/akare.com\/ticaret\/wp-content\/uploads\/2024\/05\/canonnp1550-1-768x576.jpg 768w, https:\/\/akare.com\/ticaret\/wp-content\/uploads\/2024\/05\/canonnp1550-1-1536x1152.jpg 1536w, https:\/\/akare.com\/ticaret\/wp-content\/uploads\/2024\/05\/canonnp1550-1-2048x1536.jpg 2048w\" sizes=\"auto, (max-width: 1024px) 100vw, 1024px\" \/><figcaption class=\"wp-element-caption\"><strong>Canon NP 1550&nbsp; fotokopi cihaz\u0131<\/strong><\/figcaption><\/figure>\n\n\n\n<p>STOK:&nbsp;&nbsp;&nbsp;&nbsp;&nbsp;&nbsp;&nbsp;&nbsp;&nbsp;&nbsp;&nbsp;&nbsp;&nbsp;&nbsp;&nbsp;&nbsp;&nbsp;&nbsp;&nbsp;&nbsp;&nbsp;&nbsp; 1 Adet<\/p>\n\n\n\n<p>B\u0130R\u0130M F\u0130AT:\u00a0\u00a0\u00a0\u00a0\u00a0\u00a0\u00a0\u00a0\u00a0\u00a0\u00a0\u00a0 1100 TL<\/p>\n\n\n\n<div style=\"height:var(--wp--preset--spacing--50)\" aria-hidden=\"true\" class=\"wp-block-spacer\"><\/div>\n\n\n\n<figure class=\"wp-block-image size-large is-style-rounded is-style-rounded--8\"><img loading=\"lazy\" decoding=\"async\" width=\"1024\" height=\"768\" src=\"https:\/\/akare.com\/ticaret\/wp-content\/uploads\/2024\/05\/hava-temizleme-1024x768.jpg\" alt=\"\" class=\"wp-image-307\" style=\"aspect-ratio:3\/4;object-fit:cover\" srcset=\"https:\/\/akare.com\/ticaret\/wp-content\/uploads\/2024\/05\/hava-temizleme-1024x768.jpg 1024w, https:\/\/akare.com\/ticaret\/wp-content\/uploads\/2024\/05\/hava-temizleme-300x225.jpg 300w, https:\/\/akare.com\/ticaret\/wp-content\/uploads\/2024\/05\/hava-temizleme-768x576.jpg 768w, https:\/\/akare.com\/ticaret\/wp-content\/uploads\/2024\/05\/hava-temizleme-1536x1152.jpg 1536w, https:\/\/akare.com\/ticaret\/wp-content\/uploads\/2024\/05\/hava-temizleme-2048x1536.jpg 2048w\" sizes=\"auto, (max-width: 1024px) 100vw, 1024px\" \/><figcaption class=\"wp-element-caption\"><strong>Elektrostatik hava temizleme cihaz\u0131<\/strong><\/figcaption><\/figure>\n\n\n\n<p>STOK:&nbsp;&nbsp;&nbsp;&nbsp;&nbsp;&nbsp;&nbsp;&nbsp;&nbsp;&nbsp;&nbsp;&nbsp;&nbsp;&nbsp;&nbsp;&nbsp;&nbsp;&nbsp;&nbsp;&nbsp;&nbsp;&nbsp; 3 Adet<\/p>\n\n\n\n<p>B\u0130R\u0130M F\u0130AT:&nbsp;&nbsp;&nbsp;&nbsp;&nbsp;&nbsp;&nbsp;&nbsp;&nbsp;&nbsp;&nbsp;&nbsp; 1600 TL<\/p>\n\n\n\n<div style=\"height:var(--wp--preset--spacing--50)\" aria-hidden=\"true\" class=\"wp-block-spacer\"><\/div>\n\n\n\n<figure class=\"wp-block-image size-large is-style-rounded is-style-rounded--9\"><img loading=\"lazy\" decoding=\"async\" width=\"768\" height=\"1024\" src=\"https:\/\/akare.com\/ticaret\/wp-content\/uploads\/2024\/05\/IMG_7341-768x1024.jpg\" alt=\"\" class=\"wp-image-309\" style=\"aspect-ratio:3\/4;object-fit:cover\" srcset=\"https:\/\/akare.com\/ticaret\/wp-content\/uploads\/2024\/05\/IMG_7341-768x1024.jpg 768w, https:\/\/akare.com\/ticaret\/wp-content\/uploads\/2024\/05\/IMG_7341-225x300.jpg 225w, https:\/\/akare.com\/ticaret\/wp-content\/uploads\/2024\/05\/IMG_7341-1152x1536.jpg 1152w, https:\/\/akare.com\/ticaret\/wp-content\/uploads\/2024\/05\/IMG_7341-1536x2048.jpg 1536w, https:\/\/akare.com\/ticaret\/wp-content\/uploads\/2024\/05\/IMG_7341-scaled.jpg 1920w\" sizes=\"auto, (max-width: 768px) 100vw, 768px\" \/><figcaption class=\"wp-element-caption\"><strong>FRANKE \u00c7\u00f6p \u00f6\u011f\u00fct\u00fcc\u00fc 1\/2 HP<\/strong><\/figcaption><\/figure>\n\n\n\n<p>STOK:&nbsp;&nbsp;&nbsp;&nbsp;&nbsp;&nbsp;&nbsp;&nbsp;&nbsp;&nbsp;&nbsp;&nbsp;&nbsp;&nbsp;&nbsp;&nbsp;&nbsp;&nbsp;&nbsp;&nbsp;&nbsp;&nbsp; 1 Adet<\/p>\n\n\n\n<p>B\u0130R\u0130M F\u0130AT:&nbsp;&nbsp;&nbsp;&nbsp;&nbsp;&nbsp;&nbsp;&nbsp;&nbsp;&nbsp;&nbsp;&nbsp; 1800 TL<\/p>\n<\/div>\n\n\n\n<div class=\"wp-block-column is-layout-flow wp-container-core-column-is-layout-8a368f38 wp-block-column-is-layout-flow\">\n<div style=\"height:var(--wp--preset--spacing--50)\" aria-hidden=\"true\" class=\"wp-block-spacer\"><\/div>\n\n\n\n<div style=\"height:var(--wp--preset--spacing--50)\" aria-hidden=\"true\" class=\"wp-block-spacer\"><\/div>\n\n\n\n<div style=\"height:var(--wp--preset--spacing--50)\" aria-hidden=\"true\" class=\"wp-block-spacer\"><\/div>\n<\/div>\n\n\n\n<div class=\"wp-block-column is-layout-flow wp-container-core-column-is-layout-8a368f38 wp-block-column-is-layout-flow\">\n<figure class=\"wp-block-image size-large is-style-rounded is-style-rounded--10\"><img loading=\"lazy\" decoding=\"async\" width=\"1024\" height=\"768\" src=\"https:\/\/akare.com\/ticaret\/wp-content\/uploads\/2024\/05\/aksage2200-1-1024x768.jpg\" alt=\"\" class=\"wp-image-300\" style=\"aspect-ratio:3\/4;object-fit:cover\" srcset=\"https:\/\/akare.com\/ticaret\/wp-content\/uploads\/2024\/05\/aksage2200-1-1024x768.jpg 1024w, https:\/\/akare.com\/ticaret\/wp-content\/uploads\/2024\/05\/aksage2200-1-300x225.jpg 300w, https:\/\/akare.com\/ticaret\/wp-content\/uploads\/2024\/05\/aksage2200-1-768x576.jpg 768w, https:\/\/akare.com\/ticaret\/wp-content\/uploads\/2024\/05\/aksage2200-1-1536x1152.jpg 1536w, https:\/\/akare.com\/ticaret\/wp-content\/uploads\/2024\/05\/aksage2200-1-2048x1536.jpg 2048w\" sizes=\"auto, (max-width: 1024px) 100vw, 1024px\" \/><figcaption class=\"wp-element-caption\"><strong>JENERAT\u00d6R 3 KVA AKSA GE 2200<\/strong><\/figcaption><\/figure>\n\n\n\n<div style=\"height:var(--wp--preset--spacing--50)\" aria-hidden=\"true\" class=\"wp-block-spacer\"><\/div>\n\n\n\n<figure class=\"wp-block-image size-large is-style-rounded is-style-rounded--11\"><img loading=\"lazy\" decoding=\"async\" width=\"1024\" height=\"768\" src=\"https:\/\/akare.com\/ticaret\/wp-content\/uploads\/2024\/05\/130920121407-1-1024x768.jpg\" alt=\"\" class=\"wp-image-301\" style=\"aspect-ratio:3\/4;object-fit:cover\" srcset=\"https:\/\/akare.com\/ticaret\/wp-content\/uploads\/2024\/05\/130920121407-1-1024x768.jpg 1024w, https:\/\/akare.com\/ticaret\/wp-content\/uploads\/2024\/05\/130920121407-1-300x225.jpg 300w, https:\/\/akare.com\/ticaret\/wp-content\/uploads\/2024\/05\/130920121407-1-768x576.jpg 768w, https:\/\/akare.com\/ticaret\/wp-content\/uploads\/2024\/05\/130920121407-1-1536x1152.jpg 1536w, https:\/\/akare.com\/ticaret\/wp-content\/uploads\/2024\/05\/130920121407-1-2048x1536.jpg 2048w\" sizes=\"auto, (max-width: 1024px) 100vw, 1024px\" \/><figcaption class=\"wp-element-caption\"><strong>JENERAT\u00d6R 3 KVA AKSA GE 2200<\/strong><\/figcaption><\/figure>\n\n\n\n<div style=\"height:var(--wp--preset--spacing--50)\" aria-hidden=\"true\" class=\"wp-block-spacer\"><\/div>\n\n\n\n<figure class=\"wp-block-image size-large is-style-rounded is-style-rounded--12\"><img loading=\"lazy\" decoding=\"async\" width=\"1024\" height=\"768\" src=\"https:\/\/akare.com\/ticaret\/wp-content\/uploads\/2024\/05\/IMG_7064-1024x768.jpg\" alt=\"\" class=\"wp-image-302\" style=\"aspect-ratio:16\/9;object-fit:cover\" srcset=\"https:\/\/akare.com\/ticaret\/wp-content\/uploads\/2024\/05\/IMG_7064-1024x768.jpg 1024w, https:\/\/akare.com\/ticaret\/wp-content\/uploads\/2024\/05\/IMG_7064-300x225.jpg 300w, https:\/\/akare.com\/ticaret\/wp-content\/uploads\/2024\/05\/IMG_7064-768x576.jpg 768w, https:\/\/akare.com\/ticaret\/wp-content\/uploads\/2024\/05\/IMG_7064-1536x1152.jpg 1536w, https:\/\/akare.com\/ticaret\/wp-content\/uploads\/2024\/05\/IMG_7064-2048x1536.jpg 2048w\" sizes=\"auto, (max-width: 1024px) 100vw, 1024px\" \/><figcaption class=\"wp-element-caption\"><strong>JENERAT\u00d6R 3 KVA AKSA GE 2200<\/strong><\/figcaption><\/figure>\n<\/div>\n<\/div>\n<\/div>\n","protected":false},"excerpt":{"rendered":"<p>STOK:&nbsp;&nbsp;&nbsp;&nbsp;&nbsp;&nbsp;&nbsp;&nbsp;&nbsp;&nbsp;&nbsp;&nbsp;&nbsp;&nbsp;&nbsp;&nbsp;&nbsp;&nbsp;&nbsp;&nbsp; 1 Adet B\u0130R\u0130M F\u0130AT:\u00a0\u00a0\u00a0\u00a0\u00a0\u00a0\u00a0\u00a0\u00a0\u00a0 2500 TL STOK:&nbsp;&nbsp;&nbsp;&nbsp;&nbsp;&nbsp;&nbsp;&nbsp;&nbsp;&nbsp;&nbsp;&nbsp;&nbsp;&nbsp;&nbsp;&nbsp;&nbsp;&nbsp;&nbsp;&nbsp;&nbsp;&nbsp; 1 Adet B\u0130R\u0130M F\u0130AT:\u00a0\u00a0\u00a0\u00a0\u00a0\u00a0\u00a0\u00a0\u00a0\u00a0\u00a0\u00a0 1200 TL STOK:&nbsp;&nbsp;&nbsp;&nbsp;&nbsp;&nbsp;&nbsp;&nbsp;&nbsp;&nbsp;&nbsp;&nbsp;&nbsp;&nbsp;&nbsp;&nbsp;&nbsp;&nbsp;&nbsp;&nbsp;&nbsp;&nbsp; 1 Adet B\u0130R\u0130M F\u0130AT:&nbsp;&nbsp;&nbsp;&nbsp;&nbsp;&nbsp;&nbsp;&nbsp;&nbsp;&nbsp;&nbsp;&nbsp; 2000 TL STOK:&nbsp;&nbsp;&nbsp;&nbsp;&nbsp;&nbsp;&nbsp;&nbsp;&nbsp;&nbsp;&nbsp;&nbsp;&nbsp;&nbsp;&nbsp;&nbsp;&nbsp;&nbsp;&nbsp;&nbsp;&nbsp;&nbsp; 1 Adet B\u0130R\u0130M F\u0130AT:\u00a0\u00a0\u00a0\u00a0\u00a0\u00a0\u00a0\u00a0\u00a0\u00a0\u00a0\u00a0 7800 TL STOK:&nbsp;&nbsp;&nbsp;&nbsp;&nbsp;&nbsp;&nbsp;&nbsp;&nbsp;&nbsp;&nbsp;&nbsp;&nbsp;&nbsp;&nbsp;&nbsp;&nbsp;&nbsp;&nbsp;&nbsp;&nbsp;&nbsp; 1 Adet B\u0130R\u0130M F\u0130AT:\u00a0\u00a0\u00a0\u00a0\u00a0\u00a0\u00a0\u00a0\u00a0\u00a0\u00a0\u00a0 1100 TL STOK:&nbsp;&nbsp;&nbsp;&nbsp;&nbsp;&nbsp;&nbsp;&nbsp;&nbsp;&nbsp;&nbsp;&nbsp;&nbsp;&nbsp;&nbsp;&nbsp;&nbsp;&nbsp;&nbsp;&nbsp;&nbsp;&nbsp; 3 Adet B\u0130R\u0130M F\u0130AT:&nbsp;&nbsp;&nbsp;&nbsp;&nbsp;&nbsp;&nbsp;&nbsp;&nbsp;&nbsp;&nbsp;&nbsp; 1600 TL STOK:&nbsp;&nbsp;&nbsp;&nbsp;&nbsp;&nbsp;&nbsp;&nbsp;&nbsp;&nbsp;&nbsp;&nbsp;&nbsp;&nbsp;&nbsp;&nbsp;&nbsp;&nbsp;&nbsp;&nbsp;&nbsp;&nbsp; 1 Adet B\u0130R\u0130M F\u0130AT:&nbsp;&nbsp;&nbsp;&nbsp;&nbsp;&nbsp;&nbsp;&nbsp;&nbsp;&nbsp;&nbsp;&nbsp; 1800 TL<\/p>\n","protected":false},"author":1,"featured_media":0,"parent":0,"menu_order":0,"comment_status":"closed","ping_status":"closed","template":"","meta":{"footnotes":""},"class_list":["post-293","page","type-page","status-publish","hentry"],"_links":{"self":[{"href":"https:\/\/akare.com\/ticaret\/wp-json\/wp\/v2\/pages\/293","targetHints":{"allow":["GET"]}}],"collection":[{"href":"https:\/\/akare.com\/ticaret\/wp-json\/wp\/v2\/pages"}],"about":[{"href":"https:\/\/akare.com\/ticaret\/wp-json\/wp\/v2\/types\/page"}],"author":[{"embeddable":true,"href":"https:\/\/akare.com\/ticaret\/wp-json\/wp\/v2\/users\/1"}],"replies":[{"embeddable":true,"href":"https:\/\/akare.com\/ticaret\/wp-json\/wp\/v2\/comments?post=293"}],"version-history":[{"count":3,"href":"https:\/\/akare.com\/ticaret\/wp-json\/wp\/v2\/pages\/293\/revisions"}],"predecessor-version":[{"id":329,"href":"https:\/\/akare.com\/ticaret\/wp-json\/wp\/v2\/pages\/293\/revisions\/329"}],"wp:attachment":[{"href":"https:\/\/akare.com\/ticaret\/wp-json\/wp\/v2\/media?parent=293"}],"curies":[{"name":"wp","href":"https:\/\/api.w.org\/{rel}","templated":true}]}}