{"id":282,"date":"2024-05-11T13:35:53","date_gmt":"2024-05-11T13:35:53","guid":{"rendered":"https:\/\/akare.com\/ticaret\/?page_id=282"},"modified":"2024-05-11T13:35:53","modified_gmt":"2024-05-11T13:35:53","slug":"yangin-alarm-malzemeleri","status":"publish","type":"page","link":"https:\/\/akare.com\/ticaret\/yangin-alarm-malzemeleri\/","title":{"rendered":"YANGIN ALARM MALZEMELER\u0130"},"content":{"rendered":"\n<div class=\"wp-block-group alignfull has-global-padding is-layout-constrained wp-container-core-group-is-layout-b25ccd55 wp-block-group-is-layout-constrained\" style=\"margin-top:0;margin-bottom:0;padding-top:var(--wp--preset--spacing--50);padding-right:var(--wp--preset--spacing--50);padding-bottom:var(--wp--preset--spacing--50);padding-left:var(--wp--preset--spacing--50)\">\n<div class=\"wp-block-columns alignwide is-layout-flex wp-container-core-columns-is-layout-ff4b9c61 wp-block-columns-is-layout-flex\" style=\"margin-top:0;margin-bottom:0\">\n<div class=\"wp-block-column is-layout-flow wp-container-core-column-is-layout-8a368f38 wp-block-column-is-layout-flow\">\n<figure class=\"wp-block-image size-large is-style-rounded is-style-rounded--1\"><img loading=\"lazy\" decoding=\"async\" width=\"768\" height=\"1024\" src=\"https:\/\/akare.com\/ticaret\/wp-content\/uploads\/2024\/05\/IMG_8154-768x1024.jpg\" alt=\"\" class=\"wp-image-283\" style=\"aspect-ratio:4\/3;object-fit:cover\" srcset=\"https:\/\/akare.com\/ticaret\/wp-content\/uploads\/2024\/05\/IMG_8154-768x1024.jpg 768w, https:\/\/akare.com\/ticaret\/wp-content\/uploads\/2024\/05\/IMG_8154-225x300.jpg 225w, https:\/\/akare.com\/ticaret\/wp-content\/uploads\/2024\/05\/IMG_8154-1152x1536.jpg 1152w, https:\/\/akare.com\/ticaret\/wp-content\/uploads\/2024\/05\/IMG_8154-1536x2048.jpg 1536w, https:\/\/akare.com\/ticaret\/wp-content\/uploads\/2024\/05\/IMG_8154-scaled.jpg 1920w\" sizes=\"auto, (max-width: 768px) 100vw, 768px\" \/><figcaption class=\"wp-element-caption\"><strong>Simplex Yang\u0131n alarm photo electric dedekt\u00f6r<\/strong><\/figcaption><\/figure>\n\n\n\n<p>STOK:&nbsp;&nbsp;&nbsp;&nbsp;&nbsp;&nbsp;&nbsp;&nbsp;&nbsp;&nbsp;&nbsp;&nbsp;&nbsp;&nbsp;&nbsp;&nbsp;&nbsp;&nbsp;&nbsp;&nbsp;&nbsp;&nbsp; 2 Adet<\/p>\n\n\n\n<p>B\u0130R\u0130M F\u0130AT:&nbsp;&nbsp;&nbsp;&nbsp;&nbsp;&nbsp;&nbsp;&nbsp;&nbsp;&nbsp;&nbsp;&nbsp; 250 TL<\/p>\n\n\n\n<div style=\"height:var(--wp--preset--spacing--50)\" aria-hidden=\"true\" class=\"wp-block-spacer\"><\/div>\n\n\n\n<figure class=\"wp-block-image size-large is-style-rounded is-style-rounded--2\"><img loading=\"lazy\" decoding=\"async\" width=\"768\" height=\"1024\" src=\"https:\/\/akare.com\/ticaret\/wp-content\/uploads\/2024\/05\/IMG_8153-768x1024.jpg\" alt=\"\" class=\"wp-image-284\" style=\"aspect-ratio:3\/4;object-fit:cover\" srcset=\"https:\/\/akare.com\/ticaret\/wp-content\/uploads\/2024\/05\/IMG_8153-768x1024.jpg 768w, https:\/\/akare.com\/ticaret\/wp-content\/uploads\/2024\/05\/IMG_8153-225x300.jpg 225w, https:\/\/akare.com\/ticaret\/wp-content\/uploads\/2024\/05\/IMG_8153-1152x1536.jpg 1152w, https:\/\/akare.com\/ticaret\/wp-content\/uploads\/2024\/05\/IMG_8153-1536x2048.jpg 1536w, https:\/\/akare.com\/ticaret\/wp-content\/uploads\/2024\/05\/IMG_8153-scaled.jpg 1920w\" sizes=\"auto, (max-width: 768px) 100vw, 768px\" \/><figcaption class=\"wp-element-caption\"><strong>Simplex Yang\u0131n alarm photo electric dedekt\u00f6r<\/strong><\/figcaption><\/figure>\n\n\n\n<p>STOK:&nbsp;&nbsp;&nbsp;&nbsp;&nbsp;&nbsp;&nbsp;&nbsp;&nbsp;&nbsp;&nbsp;&nbsp;&nbsp;&nbsp;&nbsp;&nbsp;&nbsp;&nbsp;&nbsp;&nbsp;&nbsp;&nbsp; 2 Adet<\/p>\n\n\n\n<p>B\u0130R\u0130M F\u0130AT:&nbsp;&nbsp;&nbsp;&nbsp;&nbsp;&nbsp;&nbsp;&nbsp;&nbsp;&nbsp;&nbsp;&nbsp; 250 TL<\/p>\n\n\n\n<div style=\"height:var(--wp--preset--spacing--50)\" aria-hidden=\"true\" class=\"wp-block-spacer\"><\/div>\n\n\n\n<figure class=\"wp-block-image size-large is-style-rounded is-style-rounded--3\"><img loading=\"lazy\" decoding=\"async\" width=\"768\" height=\"1024\" src=\"https:\/\/akare.com\/ticaret\/wp-content\/uploads\/2024\/05\/IMG_8155-768x1024.jpg\" alt=\"\" class=\"wp-image-285\" style=\"aspect-ratio:3\/4;object-fit:cover\" srcset=\"https:\/\/akare.com\/ticaret\/wp-content\/uploads\/2024\/05\/IMG_8155-768x1024.jpg 768w, https:\/\/akare.com\/ticaret\/wp-content\/uploads\/2024\/05\/IMG_8155-225x300.jpg 225w, https:\/\/akare.com\/ticaret\/wp-content\/uploads\/2024\/05\/IMG_8155-1152x1536.jpg 1152w, https:\/\/akare.com\/ticaret\/wp-content\/uploads\/2024\/05\/IMG_8155-1536x2048.jpg 1536w, https:\/\/akare.com\/ticaret\/wp-content\/uploads\/2024\/05\/IMG_8155-scaled.jpg 1920w\" sizes=\"auto, (max-width: 768px) 100vw, 768px\" \/><figcaption class=\"wp-element-caption\"><strong>Simplex Yang\u0131n alarm photo electric dedekt\u00f6r<\/strong><\/figcaption><\/figure>\n\n\n\n<p>STOK:&nbsp;&nbsp;&nbsp;&nbsp;&nbsp;&nbsp;&nbsp;&nbsp;&nbsp;&nbsp;&nbsp;&nbsp;&nbsp;&nbsp;&nbsp;&nbsp;&nbsp;&nbsp;&nbsp;&nbsp;&nbsp;&nbsp; 2 Adet<\/p>\n\n\n\n<p>B\u0130R\u0130M F\u0130AT:&nbsp;&nbsp;&nbsp;&nbsp;&nbsp;&nbsp;&nbsp;&nbsp;&nbsp;&nbsp;&nbsp;&nbsp; 250 TL<\/p>\n<\/div>\n\n\n\n<div class=\"wp-block-column is-layout-flow wp-container-core-column-is-layout-8a368f38 wp-block-column-is-layout-flow\">\n<div style=\"height:var(--wp--preset--spacing--50)\" aria-hidden=\"true\" class=\"wp-block-spacer\"><\/div>\n\n\n\n<figure class=\"wp-block-image size-large is-style-rounded is-style-rounded--4\"><img loading=\"lazy\" decoding=\"async\" width=\"768\" height=\"1024\" src=\"https:\/\/akare.com\/ticaret\/wp-content\/uploads\/2024\/05\/IMG_8152-768x1024.jpg\" alt=\"\" class=\"wp-image-286\" style=\"aspect-ratio:3\/4;object-fit:cover\" srcset=\"https:\/\/akare.com\/ticaret\/wp-content\/uploads\/2024\/05\/IMG_8152-768x1024.jpg 768w, https:\/\/akare.com\/ticaret\/wp-content\/uploads\/2024\/05\/IMG_8152-225x300.jpg 225w, https:\/\/akare.com\/ticaret\/wp-content\/uploads\/2024\/05\/IMG_8152-1152x1536.jpg 1152w, https:\/\/akare.com\/ticaret\/wp-content\/uploads\/2024\/05\/IMG_8152-1536x2048.jpg 1536w, https:\/\/akare.com\/ticaret\/wp-content\/uploads\/2024\/05\/IMG_8152-scaled.jpg 1920w\" sizes=\"auto, (max-width: 768px) 100vw, 768px\" \/><figcaption class=\"wp-element-caption\"><strong>Yang\u0131n alarm sistemi yang\u0131n butonu<\/strong><\/figcaption><\/figure>\n\n\n\n<p>STOK:&nbsp;&nbsp;&nbsp;&nbsp;&nbsp;&nbsp;&nbsp;&nbsp;&nbsp;&nbsp;&nbsp;&nbsp;&nbsp;&nbsp;&nbsp;&nbsp;&nbsp;&nbsp;&nbsp;&nbsp;&nbsp;&nbsp; 1 Adet<\/p>\n\n\n\n<p>B\u0130R\u0130M F\u0130AT:&nbsp;&nbsp;&nbsp;&nbsp;&nbsp;&nbsp;&nbsp;&nbsp;&nbsp;&nbsp;&nbsp;&nbsp; 250 TL<\/p>\n\n\n\n<div style=\"height:var(--wp--preset--spacing--50)\" aria-hidden=\"true\" class=\"wp-block-spacer\"><\/div>\n\n\n\n<div style=\"height:var(--wp--preset--spacing--50)\" aria-hidden=\"true\" class=\"wp-block-spacer\"><\/div>\n<\/div>\n\n\n\n<div class=\"wp-block-column is-layout-flow wp-container-core-column-is-layout-8a368f38 wp-block-column-is-layout-flow\">\n<figure class=\"wp-block-image size-large is-style-rounded is-style-rounded--5\"><img loading=\"lazy\" decoding=\"async\" width=\"768\" height=\"1024\" src=\"https:\/\/akare.com\/ticaret\/wp-content\/uploads\/2024\/05\/IMG_8150-768x1024.jpg\" alt=\"\" class=\"wp-image-287\" style=\"aspect-ratio:3\/4;object-fit:cover\" srcset=\"https:\/\/akare.com\/ticaret\/wp-content\/uploads\/2024\/05\/IMG_8150-768x1024.jpg 768w, https:\/\/akare.com\/ticaret\/wp-content\/uploads\/2024\/05\/IMG_8150-225x300.jpg 225w, https:\/\/akare.com\/ticaret\/wp-content\/uploads\/2024\/05\/IMG_8150-1152x1536.jpg 1152w, https:\/\/akare.com\/ticaret\/wp-content\/uploads\/2024\/05\/IMG_8150-1536x2048.jpg 1536w, https:\/\/akare.com\/ticaret\/wp-content\/uploads\/2024\/05\/IMG_8150-scaled.jpg 1920w\" sizes=\"auto, (max-width: 768px) 100vw, 768px\" \/><figcaption class=\"wp-element-caption\"><strong>Edwards yang\u0131n alarm sistemi mini korna<\/strong><\/figcaption><\/figure>\n\n\n\n<p>STOK:&nbsp;&nbsp;&nbsp;&nbsp;&nbsp;&nbsp;&nbsp;&nbsp;&nbsp;&nbsp;&nbsp;&nbsp;&nbsp;&nbsp;&nbsp;&nbsp;&nbsp;&nbsp;&nbsp;&nbsp;&nbsp;&nbsp; 1 Adet<\/p>\n\n\n\n<p>B\u0130R\u0130M F\u0130AT:&nbsp;&nbsp;&nbsp;&nbsp;&nbsp;&nbsp;&nbsp;&nbsp;&nbsp;&nbsp;&nbsp;&nbsp; 250 TL<\/p>\n\n\n\n<div style=\"height:var(--wp--preset--spacing--50)\" aria-hidden=\"true\" class=\"wp-block-spacer\"><\/div>\n\n\n\n<div style=\"height:var(--wp--preset--spacing--50)\" aria-hidden=\"true\" class=\"wp-block-spacer\"><\/div>\n<\/div>\n\n\n\n<div class=\"wp-block-column is-layout-flow wp-container-core-column-is-layout-8a368f38 wp-block-column-is-layout-flow\">\n<div style=\"height:var(--wp--preset--spacing--50)\" aria-hidden=\"true\" class=\"wp-block-spacer\"><\/div>\n\n\n\n<figure class=\"wp-block-image size-large is-style-rounded is-style-rounded--6\"><img loading=\"lazy\" decoding=\"async\" width=\"768\" height=\"1024\" src=\"https:\/\/akare.com\/ticaret\/wp-content\/uploads\/2024\/05\/IMG_8149-768x1024.jpg\" alt=\"\" class=\"wp-image-288\" style=\"aspect-ratio:1;object-fit:cover\" srcset=\"https:\/\/akare.com\/ticaret\/wp-content\/uploads\/2024\/05\/IMG_8149-768x1024.jpg 768w, https:\/\/akare.com\/ticaret\/wp-content\/uploads\/2024\/05\/IMG_8149-225x300.jpg 225w, https:\/\/akare.com\/ticaret\/wp-content\/uploads\/2024\/05\/IMG_8149-1152x1536.jpg 1152w, https:\/\/akare.com\/ticaret\/wp-content\/uploads\/2024\/05\/IMG_8149-1536x2048.jpg 1536w, https:\/\/akare.com\/ticaret\/wp-content\/uploads\/2024\/05\/IMG_8149-scaled.jpg 1920w\" sizes=\"auto, (max-width: 768px) 100vw, 768px\" \/><figcaption class=\"wp-element-caption\"><strong>Simplex yang\u0131n alarm sistemi kornas\u0131<\/strong><\/figcaption><\/figure>\n\n\n\n<p>STOK:&nbsp;&nbsp;&nbsp;&nbsp;&nbsp;&nbsp;&nbsp;&nbsp;&nbsp;&nbsp;&nbsp;&nbsp;&nbsp;&nbsp;&nbsp;&nbsp;&nbsp;&nbsp;&nbsp;&nbsp;&nbsp;&nbsp; 1 Adet<\/p>\n\n\n\n<p>B\u0130R\u0130M F\u0130AT:&nbsp;&nbsp;&nbsp;&nbsp;&nbsp;&nbsp;&nbsp;&nbsp;&nbsp;&nbsp;&nbsp;&nbsp; 450 TL<\/p>\n\n\n\n<div style=\"height:var(--wp--preset--spacing--50)\" aria-hidden=\"true\" class=\"wp-block-spacer\"><\/div>\n\n\n\n<div style=\"height:var(--wp--preset--spacing--50)\" aria-hidden=\"true\" class=\"wp-block-spacer\"><\/div>\n<\/div>\n<\/div>\n<\/div>\n","protected":false},"excerpt":{"rendered":"<p>STOK:&nbsp;&nbsp;&nbsp;&nbsp;&nbsp;&nbsp;&nbsp;&nbsp;&nbsp;&nbsp;&nbsp;&nbsp;&nbsp;&nbsp;&nbsp;&nbsp;&nbsp;&nbsp;&nbsp;&nbsp;&nbsp;&nbsp; 2 Adet B\u0130R\u0130M F\u0130AT:&nbsp;&nbsp;&nbsp;&nbsp;&nbsp;&nbsp;&nbsp;&nbsp;&nbsp;&nbsp;&nbsp;&nbsp; 250 TL STOK:&nbsp;&nbsp;&nbsp;&nbsp;&nbsp;&nbsp;&nbsp;&nbsp;&nbsp;&nbsp;&nbsp;&nbsp;&nbsp;&nbsp;&nbsp;&nbsp;&nbsp;&nbsp;&nbsp;&nbsp;&nbsp;&nbsp; 2 Adet B\u0130R\u0130M F\u0130AT:&nbsp;&nbsp;&nbsp;&nbsp;&nbsp;&nbsp;&nbsp;&nbsp;&nbsp;&nbsp;&nbsp;&nbsp; 250 TL STOK:&nbsp;&nbsp;&nbsp;&nbsp;&nbsp;&nbsp;&nbsp;&nbsp;&nbsp;&nbsp;&nbsp;&nbsp;&nbsp;&nbsp;&nbsp;&nbsp;&nbsp;&nbsp;&nbsp;&nbsp;&nbsp;&nbsp; 2 Adet B\u0130R\u0130M F\u0130AT:&nbsp;&nbsp;&nbsp;&nbsp;&nbsp;&nbsp;&nbsp;&nbsp;&nbsp;&nbsp;&nbsp;&nbsp; 250 TL STOK:&nbsp;&nbsp;&nbsp;&nbsp;&nbsp;&nbsp;&nbsp;&nbsp;&nbsp;&nbsp;&nbsp;&nbsp;&nbsp;&nbsp;&nbsp;&nbsp;&nbsp;&nbsp;&nbsp;&nbsp;&nbsp;&nbsp; 1 Adet B\u0130R\u0130M F\u0130AT:&nbsp;&nbsp;&nbsp;&nbsp;&nbsp;&nbsp;&nbsp;&nbsp;&nbsp;&nbsp;&nbsp;&nbsp; 250 TL STOK:&nbsp;&nbsp;&nbsp;&nbsp;&nbsp;&nbsp;&nbsp;&nbsp;&nbsp;&nbsp;&nbsp;&nbsp;&nbsp;&nbsp;&nbsp;&nbsp;&nbsp;&nbsp;&nbsp;&nbsp;&nbsp;&nbsp; 1 Adet B\u0130R\u0130M F\u0130AT:&nbsp;&nbsp;&nbsp;&nbsp;&nbsp;&nbsp;&nbsp;&nbsp;&nbsp;&nbsp;&nbsp;&nbsp; 250 TL STOK:&nbsp;&nbsp;&nbsp;&nbsp;&nbsp;&nbsp;&nbsp;&nbsp;&nbsp;&nbsp;&nbsp;&nbsp;&nbsp;&nbsp;&nbsp;&nbsp;&nbsp;&nbsp;&nbsp;&nbsp;&nbsp;&nbsp; 1 Adet B\u0130R\u0130M F\u0130AT:&nbsp;&nbsp;&nbsp;&nbsp;&nbsp;&nbsp;&nbsp;&nbsp;&nbsp;&nbsp;&nbsp;&nbsp; 450 TL<\/p>\n","protected":false},"author":1,"featured_media":0,"parent":0,"menu_order":0,"comment_status":"closed","ping_status":"closed","template":"","meta":{"footnotes":""},"class_list":["post-282","page","type-page","status-publish","hentry"],"_links":{"self":[{"href":"https:\/\/akare.com\/ticaret\/wp-json\/wp\/v2\/pages\/282","targetHints":{"allow":["GET"]}}],"collection":[{"href":"https:\/\/akare.com\/ticaret\/wp-json\/wp\/v2\/pages"}],"about":[{"href":"https:\/\/akare.com\/ticaret\/wp-json\/wp\/v2\/types\/page"}],"author":[{"embeddable":true,"href":"https:\/\/akare.com\/ticaret\/wp-json\/wp\/v2\/users\/1"}],"replies":[{"embeddable":true,"href":"https:\/\/akare.com\/ticaret\/wp-json\/wp\/v2\/comments?post=282"}],"version-history":[{"count":1,"href":"https:\/\/akare.com\/ticaret\/wp-json\/wp\/v2\/pages\/282\/revisions"}],"predecessor-version":[{"id":289,"href":"https:\/\/akare.com\/ticaret\/wp-json\/wp\/v2\/pages\/282\/revisions\/289"}],"wp:attachment":[{"href":"https:\/\/akare.com\/ticaret\/wp-json\/wp\/v2\/media?parent=282"}],"curies":[{"name":"wp","href":"https:\/\/api.w.org\/{rel}","templated":true}]}}