{"id":221,"date":"2024-05-11T10:41:30","date_gmt":"2024-05-11T10:41:30","guid":{"rendered":"https:\/\/akare.com\/ticaret\/?page_id=221"},"modified":"2024-05-11T10:41:30","modified_gmt":"2024-05-11T10:41:30","slug":"pano-malzemeleri-ve-rekorlar","status":"publish","type":"page","link":"https:\/\/akare.com\/ticaret\/pano-malzemeleri-ve-rekorlar\/","title":{"rendered":"PANO MALZEMELER\u0130 VE REKORLAR"},"content":{"rendered":"\n<div class=\"wp-block-group alignfull has-global-padding is-layout-constrained wp-container-core-group-is-layout-b25ccd55 wp-block-group-is-layout-constrained\" style=\"margin-top:0;margin-bottom:0;padding-top:var(--wp--preset--spacing--50);padding-right:var(--wp--preset--spacing--50);padding-bottom:var(--wp--preset--spacing--50);padding-left:var(--wp--preset--spacing--50)\">\n<div class=\"wp-block-columns alignwide is-layout-flex wp-container-core-columns-is-layout-ff4b9c61 wp-block-columns-is-layout-flex\" style=\"margin-top:0;margin-bottom:0\">\n<div class=\"wp-block-column is-layout-flow wp-container-core-column-is-layout-8a368f38 wp-block-column-is-layout-flow\">\n<figure class=\"wp-block-image size-large is-resized is-style-rounded is-style-rounded--1\"><img loading=\"lazy\" decoding=\"async\" width=\"768\" height=\"1024\" src=\"https:\/\/akare.com\/ticaret\/wp-content\/uploads\/2024\/05\/brassgland-768x1024.jpg\" alt=\"\" class=\"wp-image-222\" style=\"aspect-ratio:1.3333333333333333;object-fit:cover;width:253px;height:auto\" srcset=\"https:\/\/akare.com\/ticaret\/wp-content\/uploads\/2024\/05\/brassgland-768x1024.jpg 768w, https:\/\/akare.com\/ticaret\/wp-content\/uploads\/2024\/05\/brassgland-225x300.jpg 225w, https:\/\/akare.com\/ticaret\/wp-content\/uploads\/2024\/05\/brassgland-1152x1536.jpg 1152w, https:\/\/akare.com\/ticaret\/wp-content\/uploads\/2024\/05\/brassgland-1536x2048.jpg 1536w, https:\/\/akare.com\/ticaret\/wp-content\/uploads\/2024\/05\/brassgland-scaled.jpg 1920w\" sizes=\"auto, (max-width: 768px) 100vw, 768px\" \/><figcaption class=\"wp-element-caption\"><strong>Prin\u00e7 pano rekoru 41 mm<\/strong><\/figcaption><\/figure>\n\n\n\n<p>STOK:&nbsp;&nbsp;&nbsp;&nbsp;&nbsp;&nbsp;&nbsp;&nbsp;&nbsp;&nbsp;&nbsp;&nbsp;&nbsp;&nbsp;&nbsp;&nbsp;&nbsp;&nbsp;&nbsp;&nbsp;&nbsp;&nbsp; 10 Adet<\/p>\n\n\n\n<p>B\u0130R\u0130M F\u0130AT:&nbsp;&nbsp;&nbsp;&nbsp;&nbsp;&nbsp;&nbsp;&nbsp;&nbsp;&nbsp;&nbsp;&nbsp; 200 TL<\/p>\n\n\n\n<div style=\"height:var(--wp--preset--spacing--50)\" aria-hidden=\"true\" class=\"wp-block-spacer\"><\/div>\n\n\n\n<figure class=\"wp-block-image size-large is-style-rounded is-style-rounded--2\"><img loading=\"lazy\" decoding=\"async\" width=\"768\" height=\"1024\" src=\"https:\/\/akare.com\/ticaret\/wp-content\/uploads\/2024\/05\/IMG_8364-768x1024.jpg\" alt=\"\" class=\"wp-image-226\" style=\"aspect-ratio:3\/4;object-fit:cover\" srcset=\"https:\/\/akare.com\/ticaret\/wp-content\/uploads\/2024\/05\/IMG_8364-768x1024.jpg 768w, https:\/\/akare.com\/ticaret\/wp-content\/uploads\/2024\/05\/IMG_8364-225x300.jpg 225w, https:\/\/akare.com\/ticaret\/wp-content\/uploads\/2024\/05\/IMG_8364-1152x1536.jpg 1152w, https:\/\/akare.com\/ticaret\/wp-content\/uploads\/2024\/05\/IMG_8364-1536x2048.jpg 1536w, https:\/\/akare.com\/ticaret\/wp-content\/uploads\/2024\/05\/IMG_8364-scaled.jpg 1920w\" sizes=\"auto, (max-width: 768px) 100vw, 768px\" \/><figcaption class=\"wp-element-caption\"><strong>SAYA\u00c7 PANOSU 80X60<\/strong><\/figcaption><\/figure>\n\n\n\n<p>STOK:&nbsp;&nbsp;&nbsp;&nbsp;&nbsp;&nbsp;&nbsp;&nbsp;&nbsp;&nbsp;&nbsp;&nbsp;&nbsp;&nbsp;&nbsp;&nbsp;&nbsp;&nbsp;&nbsp;&nbsp; 1 Adet<\/p>\n\n\n\n<p>B\u0130R\u0130M F\u0130AT:&nbsp;&nbsp;&nbsp;&nbsp;&nbsp;&nbsp;&nbsp;&nbsp;&nbsp;&nbsp; 650 TL<\/p>\n\n\n\n<div style=\"height:var(--wp--preset--spacing--50)\" aria-hidden=\"true\" class=\"wp-block-spacer\"><\/div>\n<\/div>\n\n\n\n<div class=\"wp-block-column is-layout-flow wp-container-core-column-is-layout-8a368f38 wp-block-column-is-layout-flow\">\n<div style=\"height:var(--wp--preset--spacing--50)\" aria-hidden=\"true\" class=\"wp-block-spacer\"><\/div>\n\n\n\n<figure class=\"wp-block-image size-large is-style-rounded is-style-rounded--3\"><img loading=\"lazy\" decoding=\"async\" width=\"768\" height=\"1024\" src=\"https:\/\/akare.com\/ticaret\/wp-content\/uploads\/2024\/05\/IMG_8122-768x1024.jpg\" alt=\"\" class=\"wp-image-223\" style=\"aspect-ratio:3\/4;object-fit:cover\" srcset=\"https:\/\/akare.com\/ticaret\/wp-content\/uploads\/2024\/05\/IMG_8122-768x1024.jpg 768w, https:\/\/akare.com\/ticaret\/wp-content\/uploads\/2024\/05\/IMG_8122-225x300.jpg 225w, https:\/\/akare.com\/ticaret\/wp-content\/uploads\/2024\/05\/IMG_8122-1152x1536.jpg 1152w, https:\/\/akare.com\/ticaret\/wp-content\/uploads\/2024\/05\/IMG_8122-1536x2048.jpg 1536w, https:\/\/akare.com\/ticaret\/wp-content\/uploads\/2024\/05\/IMG_8122-scaled.jpg 1920w\" sizes=\"auto, (max-width: 768px) 100vw, 768px\" \/><figcaption class=\"wp-element-caption\"><strong>Prin\u00e7 pano rekoru 61 mm<\/strong><\/figcaption><\/figure>\n\n\n\n<p>STOK:&nbsp;&nbsp;&nbsp;&nbsp;&nbsp;&nbsp;&nbsp;&nbsp;&nbsp;&nbsp;&nbsp;&nbsp;&nbsp;&nbsp;&nbsp;&nbsp;&nbsp;&nbsp;&nbsp;&nbsp; 30 Adet<\/p>\n\n\n\n<p>B\u0130R\u0130M F\u0130AT:&nbsp;&nbsp;&nbsp;&nbsp;&nbsp;&nbsp;&nbsp;&nbsp;&nbsp;&nbsp; 350 TL<\/p>\n\n\n\n<div style=\"height:var(--wp--preset--spacing--50)\" aria-hidden=\"true\" class=\"wp-block-spacer\"><\/div>\n\n\n\n<figure class=\"wp-block-image size-large is-style-rounded is-style-rounded--4\"><img loading=\"lazy\" decoding=\"async\" width=\"768\" height=\"1024\" src=\"https:\/\/akare.com\/ticaret\/wp-content\/uploads\/2024\/05\/IMG_8368-768x1024.jpg\" alt=\"\" class=\"wp-image-227\" style=\"aspect-ratio:1;object-fit:cover\" srcset=\"https:\/\/akare.com\/ticaret\/wp-content\/uploads\/2024\/05\/IMG_8368-768x1024.jpg 768w, https:\/\/akare.com\/ticaret\/wp-content\/uploads\/2024\/05\/IMG_8368-225x300.jpg 225w, https:\/\/akare.com\/ticaret\/wp-content\/uploads\/2024\/05\/IMG_8368-1152x1536.jpg 1152w, https:\/\/akare.com\/ticaret\/wp-content\/uploads\/2024\/05\/IMG_8368-1536x2048.jpg 1536w, https:\/\/akare.com\/ticaret\/wp-content\/uploads\/2024\/05\/IMG_8368-scaled.jpg 1920w\" sizes=\"auto, (max-width: 768px) 100vw, 768px\" \/><figcaption class=\"wp-element-caption\"><strong>\u015eANT\u0130YE PANOSU 80X60<\/strong><\/figcaption><\/figure>\n\n\n\n<p>STOK:&nbsp;&nbsp;&nbsp;&nbsp;&nbsp;&nbsp;&nbsp;&nbsp;&nbsp;&nbsp;&nbsp;&nbsp;&nbsp;&nbsp;&nbsp;&nbsp;&nbsp;&nbsp;&nbsp;&nbsp; 1 Adet<\/p>\n\n\n\n<p>B\u0130R\u0130M F\u0130AT:&nbsp;&nbsp;&nbsp;&nbsp;&nbsp;&nbsp;&nbsp;&nbsp;&nbsp;&nbsp; 800 TL<\/p>\n\n\n\n<div style=\"height:var(--wp--preset--spacing--50)\" aria-hidden=\"true\" class=\"wp-block-spacer\"><\/div>\n<\/div>\n\n\n\n<div class=\"wp-block-column is-layout-flow wp-container-core-column-is-layout-8a368f38 wp-block-column-is-layout-flow\">\n<figure class=\"wp-block-image size-large is-style-rounded is-style-rounded--5\"><img loading=\"lazy\" decoding=\"async\" width=\"768\" height=\"1024\" src=\"https:\/\/akare.com\/ticaret\/wp-content\/uploads\/2024\/05\/IMG_7249-768x1024.jpg\" alt=\"\" class=\"wp-image-224\" style=\"aspect-ratio:3\/4;object-fit:cover\" srcset=\"https:\/\/akare.com\/ticaret\/wp-content\/uploads\/2024\/05\/IMG_7249-768x1024.jpg 768w, https:\/\/akare.com\/ticaret\/wp-content\/uploads\/2024\/05\/IMG_7249-225x300.jpg 225w, https:\/\/akare.com\/ticaret\/wp-content\/uploads\/2024\/05\/IMG_7249-1152x1536.jpg 1152w, https:\/\/akare.com\/ticaret\/wp-content\/uploads\/2024\/05\/IMG_7249-1536x2048.jpg 1536w, https:\/\/akare.com\/ticaret\/wp-content\/uploads\/2024\/05\/IMG_7249-scaled.jpg 1920w\" sizes=\"auto, (max-width: 768px) 100vw, 768px\" \/><figcaption class=\"wp-element-caption\"><strong>PG 42 PLAST\u0130K PANO REKORU<\/strong><\/figcaption><\/figure>\n\n\n\n<p>STOK:&nbsp;&nbsp;&nbsp;&nbsp;&nbsp;&nbsp;&nbsp;&nbsp;&nbsp;&nbsp;&nbsp;&nbsp;&nbsp;&nbsp;&nbsp;&nbsp;&nbsp;&nbsp;&nbsp; 50 Adet<\/p>\n\n\n\n<p>B\u0130R\u0130M F\u0130AT:&nbsp;&nbsp;&nbsp;&nbsp;&nbsp;&nbsp;&nbsp;&nbsp;&nbsp;&nbsp; 50 TL<\/p>\n\n\n\n<div style=\"height:var(--wp--preset--spacing--50)\" aria-hidden=\"true\" class=\"wp-block-spacer\"><\/div>\n\n\n\n<figure class=\"wp-block-image size-large is-style-rounded is-style-rounded--6\"><img loading=\"lazy\" decoding=\"async\" width=\"768\" height=\"1024\" src=\"https:\/\/akare.com\/ticaret\/wp-content\/uploads\/2024\/05\/IMG_8369-768x1024.jpg\" alt=\"\" class=\"wp-image-228\" style=\"aspect-ratio:3\/4;object-fit:cover\" srcset=\"https:\/\/akare.com\/ticaret\/wp-content\/uploads\/2024\/05\/IMG_8369-768x1024.jpg 768w, https:\/\/akare.com\/ticaret\/wp-content\/uploads\/2024\/05\/IMG_8369-225x300.jpg 225w, https:\/\/akare.com\/ticaret\/wp-content\/uploads\/2024\/05\/IMG_8369-1152x1536.jpg 1152w, https:\/\/akare.com\/ticaret\/wp-content\/uploads\/2024\/05\/IMG_8369-1536x2048.jpg 1536w, https:\/\/akare.com\/ticaret\/wp-content\/uploads\/2024\/05\/IMG_8369-scaled.jpg 1920w\" sizes=\"auto, (max-width: 768px) 100vw, 768px\" \/><figcaption class=\"wp-element-caption\"><strong>\u015eANT\u0130YE PANOSU 80X60<\/strong><\/figcaption><\/figure>\n\n\n\n<p>STOK:&nbsp;&nbsp;&nbsp;&nbsp;&nbsp;&nbsp;&nbsp;&nbsp;&nbsp;&nbsp;&nbsp;&nbsp;&nbsp;&nbsp;&nbsp;&nbsp;&nbsp;&nbsp;&nbsp;&nbsp; 1 Adet<\/p>\n\n\n\n<p>B\u0130R\u0130M F\u0130AT:&nbsp;&nbsp;&nbsp;&nbsp;&nbsp;&nbsp;&nbsp;&nbsp;&nbsp;&nbsp; 600 TL<\/p>\n\n\n\n<div style=\"height:var(--wp--preset--spacing--50)\" aria-hidden=\"true\" class=\"wp-block-spacer\"><\/div>\n<\/div>\n\n\n\n<div class=\"wp-block-column is-layout-flow wp-container-core-column-is-layout-8a368f38 wp-block-column-is-layout-flow\">\n<div style=\"height:var(--wp--preset--spacing--50)\" aria-hidden=\"true\" class=\"wp-block-spacer\"><\/div>\n\n\n\n<figure class=\"wp-block-image size-large is-style-rounded is-style-rounded--7\"><img loading=\"lazy\" decoding=\"async\" width=\"1024\" height=\"768\" src=\"https:\/\/akare.com\/ticaret\/wp-content\/uploads\/2024\/05\/rekor-1024x768.jpg\" alt=\"\" class=\"wp-image-225\" style=\"aspect-ratio:1;object-fit:cover\" srcset=\"https:\/\/akare.com\/ticaret\/wp-content\/uploads\/2024\/05\/rekor-1024x768.jpg 1024w, https:\/\/akare.com\/ticaret\/wp-content\/uploads\/2024\/05\/rekor-300x225.jpg 300w, https:\/\/akare.com\/ticaret\/wp-content\/uploads\/2024\/05\/rekor-768x576.jpg 768w, https:\/\/akare.com\/ticaret\/wp-content\/uploads\/2024\/05\/rekor-1536x1152.jpg 1536w, https:\/\/akare.com\/ticaret\/wp-content\/uploads\/2024\/05\/rekor-2048x1536.jpg 2048w\" sizes=\"auto, (max-width: 1024px) 100vw, 1024px\" \/><figcaption class=\"wp-element-caption\"><strong>PG 21 PLAST\u0130K PANO REKORU<\/strong><\/figcaption><\/figure>\n\n\n\n<p>STOK:&nbsp;&nbsp;&nbsp;&nbsp;&nbsp;&nbsp;&nbsp;&nbsp;&nbsp;&nbsp;&nbsp;&nbsp;&nbsp;&nbsp;&nbsp;&nbsp;&nbsp;&nbsp;&nbsp;&nbsp; 50 Adet<\/p>\n\n\n\n<div style=\"height:var(--wp--preset--spacing--50)\" aria-hidden=\"true\" class=\"wp-block-spacer\"><\/div>\n<\/div>\n<\/div>\n<\/div>\n","protected":false},"excerpt":{"rendered":"<p>STOK:&nbsp;&nbsp;&nbsp;&nbsp;&nbsp;&nbsp;&nbsp;&nbsp;&nbsp;&nbsp;&nbsp;&nbsp;&nbsp;&nbsp;&nbsp;&nbsp;&nbsp;&nbsp;&nbsp;&nbsp;&nbsp;&nbsp; 10 Adet B\u0130R\u0130M F\u0130AT:&nbsp;&nbsp;&nbsp;&nbsp;&nbsp;&nbsp;&nbsp;&nbsp;&nbsp;&nbsp;&nbsp;&nbsp; 200 TL STOK:&nbsp;&nbsp;&nbsp;&nbsp;&nbsp;&nbsp;&nbsp;&nbsp;&nbsp;&nbsp;&nbsp;&nbsp;&nbsp;&nbsp;&nbsp;&nbsp;&nbsp;&nbsp;&nbsp;&nbsp; 1 Adet B\u0130R\u0130M F\u0130AT:&nbsp;&nbsp;&nbsp;&nbsp;&nbsp;&nbsp;&nbsp;&nbsp;&nbsp;&nbsp; 650 TL STOK:&nbsp;&nbsp;&nbsp;&nbsp;&nbsp;&nbsp;&nbsp;&nbsp;&nbsp;&nbsp;&nbsp;&nbsp;&nbsp;&nbsp;&nbsp;&nbsp;&nbsp;&nbsp;&nbsp;&nbsp; 30 Adet B\u0130R\u0130M F\u0130AT:&nbsp;&nbsp;&nbsp;&nbsp;&nbsp;&nbsp;&nbsp;&nbsp;&nbsp;&nbsp; 350 TL STOK:&nbsp;&nbsp;&nbsp;&nbsp;&nbsp;&nbsp;&nbsp;&nbsp;&nbsp;&nbsp;&nbsp;&nbsp;&nbsp;&nbsp;&nbsp;&nbsp;&nbsp;&nbsp;&nbsp;&nbsp; 1 Adet B\u0130R\u0130M F\u0130AT:&nbsp;&nbsp;&nbsp;&nbsp;&nbsp;&nbsp;&nbsp;&nbsp;&nbsp;&nbsp; 800 TL STOK:&nbsp;&nbsp;&nbsp;&nbsp;&nbsp;&nbsp;&nbsp;&nbsp;&nbsp;&nbsp;&nbsp;&nbsp;&nbsp;&nbsp;&nbsp;&nbsp;&nbsp;&nbsp;&nbsp; 50 Adet B\u0130R\u0130M F\u0130AT:&nbsp;&nbsp;&nbsp;&nbsp;&nbsp;&nbsp;&nbsp;&nbsp;&nbsp;&nbsp; 50 TL STOK:&nbsp;&nbsp;&nbsp;&nbsp;&nbsp;&nbsp;&nbsp;&nbsp;&nbsp;&nbsp;&nbsp;&nbsp;&nbsp;&nbsp;&nbsp;&nbsp;&nbsp;&nbsp;&nbsp;&nbsp; 1 Adet B\u0130R\u0130M F\u0130AT:&nbsp;&nbsp;&nbsp;&nbsp;&nbsp;&nbsp;&nbsp;&nbsp;&nbsp;&nbsp; 600 TL STOK:&nbsp;&nbsp;&nbsp;&nbsp;&nbsp;&nbsp;&nbsp;&nbsp;&nbsp;&nbsp;&nbsp;&nbsp;&nbsp;&nbsp;&nbsp;&nbsp;&nbsp;&nbsp;&nbsp;&nbsp; 50 Adet<\/p>\n","protected":false},"author":1,"featured_media":0,"parent":0,"menu_order":0,"comment_status":"closed","ping_status":"closed","template":"","meta":{"footnotes":""},"class_list":["post-221","page","type-page","status-publish","hentry"],"_links":{"self":[{"href":"https:\/\/akare.com\/ticaret\/wp-json\/wp\/v2\/pages\/221","targetHints":{"allow":["GET"]}}],"collection":[{"href":"https:\/\/akare.com\/ticaret\/wp-json\/wp\/v2\/pages"}],"about":[{"href":"https:\/\/akare.com\/ticaret\/wp-json\/wp\/v2\/types\/page"}],"author":[{"embeddable":true,"href":"https:\/\/akare.com\/ticaret\/wp-json\/wp\/v2\/users\/1"}],"replies":[{"embeddable":true,"href":"https:\/\/akare.com\/ticaret\/wp-json\/wp\/v2\/comments?post=221"}],"version-history":[{"count":1,"href":"https:\/\/akare.com\/ticaret\/wp-json\/wp\/v2\/pages\/221\/revisions"}],"predecessor-version":[{"id":229,"href":"https:\/\/akare.com\/ticaret\/wp-json\/wp\/v2\/pages\/221\/revisions\/229"}],"wp:attachment":[{"href":"https:\/\/akare.com\/ticaret\/wp-json\/wp\/v2\/media?parent=221"}],"curies":[{"name":"wp","href":"https:\/\/api.w.org\/{rel}","templated":true}]}}