{"id":2,"date":"2024-04-24T09:49:01","date_gmt":"2024-04-24T09:49:01","guid":{"rendered":"https:\/\/akare.com\/ticaret\/?page_id=2"},"modified":"2025-01-18T15:55:10","modified_gmt":"2025-01-18T15:55:10","slug":"cables","status":"publish","type":"page","link":"https:\/\/akare.com\/ticaret\/cables\/","title":{"rendered":"Kablolar"},"content":{"rendered":"\n<figure class=\"wp-block-image size-full\"><img loading=\"lazy\" decoding=\"async\" width=\"277\" height=\"370\" src=\"https:\/\/akare.com\/ticaret\/wp-content\/uploads\/2024\/04\/image-8.png\" alt=\"\" class=\"wp-image-20\" srcset=\"https:\/\/akare.com\/ticaret\/wp-content\/uploads\/2024\/04\/image-8.png 277w, https:\/\/akare.com\/ticaret\/wp-content\/uploads\/2024\/04\/image-8-225x300.png 225w\" sizes=\"auto, (max-width: 277px) 100vw, 277px\" \/><\/figure>\n\n\n\n<h5 class=\"wp-block-heading\">RG 11 TV KABLOSU<\/h5>\n\n\n\n<p>STOK:&nbsp;&nbsp;&nbsp;&nbsp;&nbsp;&nbsp;&nbsp;&nbsp;&nbsp;&nbsp;&nbsp;&nbsp;&nbsp;&nbsp;&nbsp;&nbsp;&nbsp;&nbsp;&nbsp;&nbsp;&nbsp; 160 METRE<\/p>\n\n\n\n<p>B\u0130R\u0130M F\u0130AT:&nbsp;&nbsp;&nbsp;&nbsp;&nbsp;&nbsp;&nbsp;&nbsp;&nbsp;&nbsp;&nbsp;&nbsp; 20 TL<\/p>\n\n\n\n<figure class=\"wp-block-image size-full\"><img loading=\"lazy\" decoding=\"async\" width=\"277\" height=\"370\" src=\"https:\/\/akare.com\/ticaret\/wp-content\/uploads\/2024\/04\/image-9.png\" alt=\"\" class=\"wp-image-21\" srcset=\"https:\/\/akare.com\/ticaret\/wp-content\/uploads\/2024\/04\/image-9.png 277w, https:\/\/akare.com\/ticaret\/wp-content\/uploads\/2024\/04\/image-9-225x300.png 225w\" sizes=\"auto, (max-width: 277px) 100vw, 277px\" \/><\/figure>\n\n\n\n<p>STOK:\u00a0\u00a0\u00a0\u00a0\u00a0\u00a0\u00a0\u00a0\u00a0\u00a0\u00a0\u00a0\u00a0\u00a0\u00a0\u00a0\u00a0\u00a0\u00a0\u00a0\u00a0 406 METRE<\/p>\n\n\n\n<p>B\u0130R\u0130M F\u0130AT:\u00a0\u00a0\u00a0\u00a0\u00a0\u00a0\u00a0\u00a0\u00a0\u00a0\u00a0\u00a0 65 TL<\/p>\n\n\n\n<h5 class=\"wp-block-heading\">4X2.5 MM2 NYY&nbsp; KABLO<\/h5>\n\n\n\n<figure class=\"wp-block-image size-full\"><img loading=\"lazy\" decoding=\"async\" width=\"277\" height=\"370\" src=\"https:\/\/akare.com\/ticaret\/wp-content\/uploads\/2024\/04\/image-16.png\" alt=\"\" class=\"wp-image-28\" srcset=\"https:\/\/akare.com\/ticaret\/wp-content\/uploads\/2024\/04\/image-16.png 277w, https:\/\/akare.com\/ticaret\/wp-content\/uploads\/2024\/04\/image-16-225x300.png 225w\" sizes=\"auto, (max-width: 277px) 100vw, 277px\" \/><\/figure>\n\n\n\n<h5 class=\"wp-block-heading\">2X0.75 MM2 SIMHO&nbsp; ISIYA DAYANIKLI KABLO<\/h5>\n\n\n\n<p>STOK:\u00a0\u00a0\u00a0\u00a0\u00a0\u00a0\u00a0\u00a0\u00a0\u00a0\u00a0\u00a0\u00a0\u00a0\u00a0\u00a0\u00a0\u00a0\u00a0\u00a0 72 METRE<\/p>\n\n\n\n<p>B\u0130R\u0130M F\u0130AT:\u00a0\u00a0\u00a0\u00a0\u00a0\u00a0\u00a0\u00a0\u00a0\u00a0\u00a0 22 TL<\/p>\n\n\n\n<figure class=\"wp-block-image size-full\"><img loading=\"lazy\" decoding=\"async\" width=\"277\" height=\"370\" src=\"https:\/\/akare.com\/ticaret\/wp-content\/uploads\/2024\/04\/image-18.png\" alt=\"\" class=\"wp-image-30\" srcset=\"https:\/\/akare.com\/ticaret\/wp-content\/uploads\/2024\/04\/image-18.png 277w, https:\/\/akare.com\/ticaret\/wp-content\/uploads\/2024\/04\/image-18-225x300.png 225w\" sizes=\"auto, (max-width: 277px) 100vw, 277px\" \/><\/figure>\n\n\n\n<h5 class=\"wp-block-heading\">100X2X0.5 PDPAP TELEFON KABLOSU<\/h5>\n\n\n\n<p>STOK:\u00a0\u00a0\u00a0\u00a0\u00a0\u00a0\u00a0\u00a0\u00a0\u00a0\u00a0\u00a0\u00a0\u00a0\u00a0\u00a0\u00a0\u00a0\u00a0\u00a0 47 METRE<\/p>\n\n\n\n<p>B\u0130R\u0130M F\u0130AT:&nbsp;&nbsp;&nbsp;&nbsp;&nbsp;&nbsp;&nbsp;&nbsp;&nbsp;&nbsp;&nbsp; 200 TL<\/p>\n\n\n\n<div class=\"wp-block-group is-nowrap is-layout-flex wp-container-core-group-is-layout-6c531013 wp-block-group-is-layout-flex\">\n<figure class=\"wp-block-image size-full\"><img loading=\"lazy\" decoding=\"async\" width=\"277\" height=\"370\" src=\"https:\/\/akare.com\/ticaret\/wp-content\/uploads\/2024\/04\/image-19.png\" alt=\"\" class=\"wp-image-31\" srcset=\"https:\/\/akare.com\/ticaret\/wp-content\/uploads\/2024\/04\/image-19.png 277w, https:\/\/akare.com\/ticaret\/wp-content\/uploads\/2024\/04\/image-19-225x300.png 225w\" sizes=\"auto, (max-width: 277px) 100vw, 277px\" \/><\/figure>\n<\/div>\n\n\n\n<h5 class=\"wp-block-heading\">30X2X0.5 PDPAP TELEFON KABLOSU<\/h5>\n\n\n\n<p>STOK:&nbsp;&nbsp;&nbsp;&nbsp;&nbsp;&nbsp;&nbsp;&nbsp;&nbsp;&nbsp;&nbsp;&nbsp;&nbsp;&nbsp;&nbsp;&nbsp;&nbsp;&nbsp;&nbsp;&nbsp; 150 METRE<\/p>\n\n\n\n<p>B\u0130R\u0130M F\u0130AT:&nbsp;&nbsp;&nbsp;&nbsp;&nbsp;&nbsp;&nbsp;&nbsp;&nbsp;&nbsp; 65 TL<\/p>\n\n\n\n<figure class=\"wp-block-image size-full\"><img loading=\"lazy\" decoding=\"async\" width=\"1920\" height=\"2560\" src=\"https:\/\/akare.com\/ticaret\/wp-content\/uploads\/2025\/01\/IMG_8849-scaled.jpg\" alt=\"\" class=\"wp-image-342\" srcset=\"https:\/\/akare.com\/ticaret\/wp-content\/uploads\/2025\/01\/IMG_8849-scaled.jpg 1920w, https:\/\/akare.com\/ticaret\/wp-content\/uploads\/2025\/01\/IMG_8849-225x300.jpg 225w, https:\/\/akare.com\/ticaret\/wp-content\/uploads\/2025\/01\/IMG_8849-768x1024.jpg 768w, https:\/\/akare.com\/ticaret\/wp-content\/uploads\/2025\/01\/IMG_8849-1152x1536.jpg 1152w, https:\/\/akare.com\/ticaret\/wp-content\/uploads\/2025\/01\/IMG_8849-1536x2048.jpg 1536w\" sizes=\"auto, (max-width: 1920px) 100vw, 1920px\" \/><\/figure>\n\n\n\n<h5 class=\"wp-block-heading\">4X4 TTR (NYMHY) KABLO<\/h5>\n\n\n\n<p>STOK:\u00a0\u00a0\u00a0\u00a0\u00a0\u00a0\u00a0\u00a0\u00a0\u00a0\u00a0\u00a0\u00a0\u00a0\u00a0\u00a0\u00a0\u00a0\u00a0\u00a0 30 METRE<\/p>\n\n\n\n<p>B\u0130R\u0130M F\u0130AT:&nbsp;&nbsp;&nbsp;&nbsp;&nbsp;&nbsp;&nbsp;&nbsp;&nbsp;&nbsp; 65 TL<\/p>\n\n\n\n<h5 class=\"wp-block-heading\"><br><br><\/h5>\n\n\n\n<blockquote class=\"wp-block-quote is-layout-flow wp-block-quote-is-layout-flow\">\n<p><\/p>\n<\/blockquote>\n\n\n\n<p><\/p>\n\n\n\n<p><\/p>\n","protected":false},"excerpt":{"rendered":"<p>RG 11 TV KABLOSU STOK:&nbsp;&nbsp;&nbsp;&nbsp;&nbsp;&nbsp;&nbsp;&nbsp;&nbsp;&nbsp;&nbsp;&nbsp;&nbsp;&nbsp;&nbsp;&nbsp;&nbsp;&nbsp;&nbsp;&nbsp;&nbsp; 160 METRE B\u0130R\u0130M F\u0130AT:&nbsp;&nbsp;&nbsp;&nbsp;&nbsp;&nbsp;&nbsp;&nbsp;&nbsp;&nbsp;&nbsp;&nbsp; 20 TL STOK:\u00a0\u00a0\u00a0\u00a0\u00a0\u00a0\u00a0\u00a0\u00a0\u00a0\u00a0\u00a0\u00a0\u00a0\u00a0\u00a0\u00a0\u00a0\u00a0\u00a0\u00a0 406 METRE B\u0130R\u0130M F\u0130AT:\u00a0\u00a0\u00a0\u00a0\u00a0\u00a0\u00a0\u00a0\u00a0\u00a0\u00a0\u00a0 65 TL 4X2.5 MM2 NYY&nbsp; KABLO 2X0.75 MM2 SIMHO&nbsp; ISIYA DAYANIKLI KABLO STOK:\u00a0\u00a0\u00a0\u00a0\u00a0\u00a0\u00a0\u00a0\u00a0\u00a0\u00a0\u00a0\u00a0\u00a0\u00a0\u00a0\u00a0\u00a0\u00a0\u00a0 72 METRE B\u0130R\u0130M F\u0130AT:\u00a0\u00a0\u00a0\u00a0\u00a0\u00a0\u00a0\u00a0\u00a0\u00a0\u00a0 22 TL 100X2X0.5 PDPAP TELEFON KABLOSU STOK:\u00a0\u00a0\u00a0\u00a0\u00a0\u00a0\u00a0\u00a0\u00a0\u00a0\u00a0\u00a0\u00a0\u00a0\u00a0\u00a0\u00a0\u00a0\u00a0\u00a0 47 METRE B\u0130R\u0130M F\u0130AT:&nbsp;&nbsp;&nbsp;&nbsp;&nbsp;&nbsp;&nbsp;&nbsp;&nbsp;&nbsp;&nbsp; 200 TL 30X2X0.5 PDPAP TELEFON KABLOSU STOK:&nbsp;&nbsp;&nbsp;&nbsp;&nbsp;&nbsp;&nbsp;&nbsp;&nbsp;&nbsp;&nbsp;&nbsp;&nbsp;&nbsp;&nbsp;&nbsp;&nbsp;&nbsp;&nbsp;&nbsp; 150 METRE B\u0130R\u0130M F\u0130AT:&nbsp;&nbsp;&nbsp;&nbsp;&nbsp;&nbsp;&nbsp;&nbsp;&nbsp;&nbsp; [&hellip;]<\/p>\n","protected":false},"author":1,"featured_media":0,"parent":0,"menu_order":0,"comment_status":"closed","ping_status":"open","template":"","meta":{"footnotes":""},"class_list":["post-2","page","type-page","status-publish","hentry"],"_links":{"self":[{"href":"https:\/\/akare.com\/ticaret\/wp-json\/wp\/v2\/pages\/2","targetHints":{"allow":["GET"]}}],"collection":[{"href":"https:\/\/akare.com\/ticaret\/wp-json\/wp\/v2\/pages"}],"about":[{"href":"https:\/\/akare.com\/ticaret\/wp-json\/wp\/v2\/types\/page"}],"author":[{"embeddable":true,"href":"https:\/\/akare.com\/ticaret\/wp-json\/wp\/v2\/users\/1"}],"replies":[{"embeddable":true,"href":"https:\/\/akare.com\/ticaret\/wp-json\/wp\/v2\/comments?post=2"}],"version-history":[{"count":6,"href":"https:\/\/akare.com\/ticaret\/wp-json\/wp\/v2\/pages\/2\/revisions"}],"predecessor-version":[{"id":343,"href":"https:\/\/akare.com\/ticaret\/wp-json\/wp\/v2\/pages\/2\/revisions\/343"}],"wp:attachment":[{"href":"https:\/\/akare.com\/ticaret\/wp-json\/wp\/v2\/media?parent=2"}],"curies":[{"name":"wp","href":"https:\/\/api.w.org\/{rel}","templated":true}]}}