{"id":135,"date":"2024-05-10T14:34:28","date_gmt":"2024-05-10T14:34:28","guid":{"rendered":"https:\/\/akare.com\/ticaret\/?page_id=135"},"modified":"2025-01-18T17:20:33","modified_gmt":"2025-01-18T17:20:33","slug":"kablo-tava-malzemeleri","status":"publish","type":"page","link":"https:\/\/akare.com\/ticaret\/kablo-tava-malzemeleri\/","title":{"rendered":"KABLO TAVA MALZEMELER\u0130"},"content":{"rendered":"\n<div class=\"wp-block-group alignfull has-global-padding is-layout-constrained wp-container-core-group-is-layout-b25ccd55 wp-block-group-is-layout-constrained\" style=\"margin-top:0;margin-bottom:0;padding-top:var(--wp--preset--spacing--50);padding-right:var(--wp--preset--spacing--50);padding-bottom:var(--wp--preset--spacing--50);padding-left:var(--wp--preset--spacing--50)\">\n<div class=\"wp-block-columns alignwide is-layout-flex wp-container-core-columns-is-layout-ff4b9c61 wp-block-columns-is-layout-flex\" style=\"margin-top:0;margin-bottom:0\">\n<div class=\"wp-block-column is-layout-flow wp-container-core-column-is-layout-8a368f38 wp-block-column-is-layout-flow\">\n<figure class=\"wp-block-image size-large is-style-rounded is-style-rounded--1\"><img loading=\"lazy\" decoding=\"async\" width=\"768\" height=\"1024\" src=\"https:\/\/akare.com\/ticaret\/wp-content\/uploads\/2024\/05\/IMG_8095-768x1024.jpg\" alt=\"\" class=\"wp-image-136\" style=\"aspect-ratio:4\/3;object-fit:cover\" srcset=\"https:\/\/akare.com\/ticaret\/wp-content\/uploads\/2024\/05\/IMG_8095-768x1024.jpg 768w, https:\/\/akare.com\/ticaret\/wp-content\/uploads\/2024\/05\/IMG_8095-225x300.jpg 225w, https:\/\/akare.com\/ticaret\/wp-content\/uploads\/2024\/05\/IMG_8095-1152x1536.jpg 1152w, https:\/\/akare.com\/ticaret\/wp-content\/uploads\/2024\/05\/IMG_8095-1536x2048.jpg 1536w, https:\/\/akare.com\/ticaret\/wp-content\/uploads\/2024\/05\/IMG_8095-scaled.jpg 1920w\" sizes=\"auto, (max-width: 768px) 100vw, 768px\" \/><figcaption class=\"wp-element-caption\"><strong>Kablo tavas\u0131 20 cm lik<\/strong><\/figcaption><\/figure>\n\n\n\n<p>STOK:&nbsp;&nbsp;&nbsp;&nbsp;&nbsp;&nbsp;&nbsp;&nbsp;&nbsp;&nbsp;&nbsp;&nbsp;&nbsp;&nbsp;&nbsp;&nbsp;&nbsp;&nbsp;&nbsp;&nbsp;&nbsp;&nbsp; 7 Metre<\/p>\n\n\n\n<p>B\u0130R\u0130M F\u0130AT:&nbsp;&nbsp;&nbsp;&nbsp;&nbsp;&nbsp;&nbsp;&nbsp;&nbsp;&nbsp;&nbsp;&nbsp; 150 TL<\/p>\n\n\n\n<div style=\"height:var(--wp--preset--spacing--50)\" aria-hidden=\"true\" class=\"wp-block-spacer\"><\/div>\n\n\n\n<figure class=\"wp-block-image size-large is-style-rounded is-style-rounded--2\"><img loading=\"lazy\" decoding=\"async\" width=\"768\" height=\"1024\" src=\"https:\/\/akare.com\/ticaret\/wp-content\/uploads\/2024\/05\/IMG_7620-768x1024.jpg\" alt=\"\" class=\"wp-image-137\" style=\"aspect-ratio:3\/4;object-fit:cover\" srcset=\"https:\/\/akare.com\/ticaret\/wp-content\/uploads\/2024\/05\/IMG_7620-768x1024.jpg 768w, https:\/\/akare.com\/ticaret\/wp-content\/uploads\/2024\/05\/IMG_7620-225x300.jpg 225w, https:\/\/akare.com\/ticaret\/wp-content\/uploads\/2024\/05\/IMG_7620-1152x1536.jpg 1152w, https:\/\/akare.com\/ticaret\/wp-content\/uploads\/2024\/05\/IMG_7620-1536x2048.jpg 1536w, https:\/\/akare.com\/ticaret\/wp-content\/uploads\/2024\/05\/IMG_7620-scaled.jpg 1920w\" sizes=\"auto, (max-width: 768px) 100vw, 768px\" \/><figcaption class=\"wp-element-caption\"><strong>Kablo tava 20 cm lik T ba\u011flant\u0131 eleman\u0131<\/strong><\/figcaption><\/figure>\n\n\n\n<p>STOK:&nbsp;&nbsp;&nbsp;&nbsp;&nbsp;&nbsp;&nbsp;&nbsp;&nbsp;&nbsp;&nbsp;&nbsp;&nbsp;&nbsp;&nbsp;&nbsp;&nbsp;&nbsp;&nbsp;&nbsp; 3 Adet<\/p>\n\n\n\n<p>B\u0130R\u0130M F\u0130AT:&nbsp;&nbsp;&nbsp;&nbsp;&nbsp;&nbsp;&nbsp;&nbsp;&nbsp;&nbsp; 90 TL<\/p>\n\n\n\n<div style=\"height:var(--wp--preset--spacing--50)\" aria-hidden=\"true\" class=\"wp-block-spacer\"><\/div>\n\n\n\n<figure class=\"wp-block-image size-large is-style-rounded is-style-rounded--3\"><img loading=\"lazy\" decoding=\"async\" width=\"768\" height=\"1024\" src=\"https:\/\/akare.com\/ticaret\/wp-content\/uploads\/2024\/05\/IMG_7619-768x1024.jpg\" alt=\"\" class=\"wp-image-138\" style=\"aspect-ratio:3\/4;object-fit:cover\" srcset=\"https:\/\/akare.com\/ticaret\/wp-content\/uploads\/2024\/05\/IMG_7619-768x1024.jpg 768w, https:\/\/akare.com\/ticaret\/wp-content\/uploads\/2024\/05\/IMG_7619-225x300.jpg 225w, https:\/\/akare.com\/ticaret\/wp-content\/uploads\/2024\/05\/IMG_7619-1152x1536.jpg 1152w, https:\/\/akare.com\/ticaret\/wp-content\/uploads\/2024\/05\/IMG_7619-1536x2048.jpg 1536w, https:\/\/akare.com\/ticaret\/wp-content\/uploads\/2024\/05\/IMG_7619-scaled.jpg 1920w\" sizes=\"auto, (max-width: 768px) 100vw, 768px\" \/><figcaption class=\"wp-element-caption\"><strong>Kablo tava 30 cm lik dirsek eleman\u0131<\/strong><\/figcaption><\/figure>\n\n\n\n<p>STOK:&nbsp;&nbsp;&nbsp;&nbsp;&nbsp;&nbsp;&nbsp;&nbsp;&nbsp;&nbsp;&nbsp;&nbsp;&nbsp;&nbsp;&nbsp;&nbsp;&nbsp;&nbsp;&nbsp;&nbsp; 1 Adet<\/p>\n\n\n\n<p>B\u0130R\u0130M F\u0130AT:&nbsp;&nbsp;&nbsp;&nbsp;&nbsp;&nbsp;&nbsp;&nbsp;&nbsp;&nbsp; 90 TL<\/p>\n<\/div>\n\n\n\n<div class=\"wp-block-column is-layout-flow wp-container-core-column-is-layout-8a368f38 wp-block-column-is-layout-flow\">\n<div style=\"height:var(--wp--preset--spacing--50)\" aria-hidden=\"true\" class=\"wp-block-spacer\"><\/div>\n\n\n\n<figure class=\"wp-block-image size-large is-style-rounded is-style-rounded--4\"><img loading=\"lazy\" decoding=\"async\" width=\"768\" height=\"1024\" src=\"https:\/\/akare.com\/ticaret\/wp-content\/uploads\/2024\/05\/IMG_7618-768x1024.jpg\" alt=\"\" class=\"wp-image-139\" style=\"aspect-ratio:3\/4;object-fit:cover\" srcset=\"https:\/\/akare.com\/ticaret\/wp-content\/uploads\/2024\/05\/IMG_7618-768x1024.jpg 768w, https:\/\/akare.com\/ticaret\/wp-content\/uploads\/2024\/05\/IMG_7618-225x300.jpg 225w, https:\/\/akare.com\/ticaret\/wp-content\/uploads\/2024\/05\/IMG_7618-1152x1536.jpg 1152w, https:\/\/akare.com\/ticaret\/wp-content\/uploads\/2024\/05\/IMG_7618-1536x2048.jpg 1536w, https:\/\/akare.com\/ticaret\/wp-content\/uploads\/2024\/05\/IMG_7618-scaled.jpg 1920w\" sizes=\"auto, (max-width: 768px) 100vw, 768px\" \/><figcaption class=\"wp-element-caption\"><strong>Kablo tavas\u0131 10 cm lik dirsek eleman\u0131<\/strong><\/figcaption><\/figure>\n\n\n\n<p>STOK:&nbsp;&nbsp;&nbsp;&nbsp;&nbsp;&nbsp;&nbsp;&nbsp;&nbsp;&nbsp;&nbsp;&nbsp;&nbsp;&nbsp;&nbsp;&nbsp;&nbsp;&nbsp;&nbsp;&nbsp;&nbsp;&nbsp; 6 Adet B\u0130R\u0130M F\u0130AT:&nbsp;&nbsp;&nbsp;&nbsp;&nbsp;&nbsp;&nbsp;&nbsp;&nbsp;&nbsp;&nbsp;&nbsp; 80 TL<\/p>\n\n\n\n<div style=\"height:var(--wp--preset--spacing--50)\" aria-hidden=\"true\" class=\"wp-block-spacer\"><\/div>\n\n\n\n<figure class=\"wp-block-image size-large is-style-rounded is-style-rounded--5\"><img loading=\"lazy\" decoding=\"async\" width=\"768\" height=\"1024\" src=\"https:\/\/akare.com\/ticaret\/wp-content\/uploads\/2024\/05\/IMG_7616-768x1024.jpg\" alt=\"\" class=\"wp-image-140\" style=\"aspect-ratio:1;object-fit:cover\" srcset=\"https:\/\/akare.com\/ticaret\/wp-content\/uploads\/2024\/05\/IMG_7616-768x1024.jpg 768w, https:\/\/akare.com\/ticaret\/wp-content\/uploads\/2024\/05\/IMG_7616-225x300.jpg 225w, https:\/\/akare.com\/ticaret\/wp-content\/uploads\/2024\/05\/IMG_7616-1152x1536.jpg 1152w, https:\/\/akare.com\/ticaret\/wp-content\/uploads\/2024\/05\/IMG_7616-1536x2048.jpg 1536w, https:\/\/akare.com\/ticaret\/wp-content\/uploads\/2024\/05\/IMG_7616-scaled.jpg 1920w\" sizes=\"auto, (max-width: 768px) 100vw, 768px\" \/><figcaption class=\"wp-element-caption\"><strong>Kablo tava 10 cm lik d\u00f6rtl\u00fc ba\u011flant\u0131 eleman\u0131<\/strong><\/figcaption><\/figure>\n\n\n\n<p>STOK:&nbsp;&nbsp;&nbsp;&nbsp;&nbsp;&nbsp;&nbsp;&nbsp;&nbsp;&nbsp;&nbsp;&nbsp;&nbsp;&nbsp;&nbsp;&nbsp;&nbsp;&nbsp;&nbsp;&nbsp;&nbsp;&nbsp; 6 Adet<\/p>\n\n\n\n<p>B\u0130R\u0130M F\u0130AT:&nbsp;&nbsp;&nbsp;&nbsp;&nbsp;&nbsp;&nbsp;&nbsp;&nbsp;&nbsp;&nbsp;&nbsp; 70 TL<\/p>\n\n\n\n<div style=\"height:var(--wp--preset--spacing--50)\" aria-hidden=\"true\" class=\"wp-block-spacer\"><\/div>\n\n\n\n<figure class=\"wp-block-image size-large is-style-rounded is-style-rounded--6\"><img loading=\"lazy\" decoding=\"async\" width=\"768\" height=\"1024\" src=\"https:\/\/akare.com\/ticaret\/wp-content\/uploads\/2024\/05\/IMG_7615-768x1024.jpg\" alt=\"\" class=\"wp-image-141\" style=\"aspect-ratio:1;object-fit:cover\" srcset=\"https:\/\/akare.com\/ticaret\/wp-content\/uploads\/2024\/05\/IMG_7615-768x1024.jpg 768w, https:\/\/akare.com\/ticaret\/wp-content\/uploads\/2024\/05\/IMG_7615-225x300.jpg 225w, https:\/\/akare.com\/ticaret\/wp-content\/uploads\/2024\/05\/IMG_7615-1152x1536.jpg 1152w, https:\/\/akare.com\/ticaret\/wp-content\/uploads\/2024\/05\/IMG_7615-1536x2048.jpg 1536w, https:\/\/akare.com\/ticaret\/wp-content\/uploads\/2024\/05\/IMG_7615-scaled.jpg 1920w\" sizes=\"auto, (max-width: 768px) 100vw, 768px\" \/><figcaption class=\"wp-element-caption\"><strong>Kablo tavas\u0131 20 cm lik d\u00f6rtl\u00fc ba\u011flant\u0131 eleman\u0131<\/strong><\/figcaption><\/figure>\n\n\n\n<p>STOK:&nbsp;&nbsp;&nbsp;&nbsp;&nbsp;&nbsp;&nbsp;&nbsp;&nbsp;&nbsp;&nbsp;&nbsp;&nbsp;&nbsp;&nbsp;&nbsp;&nbsp;&nbsp;&nbsp;&nbsp;&nbsp; 3 Adet<\/p>\n\n\n\n<p>B\u0130R\u0130M F\u0130AT:&nbsp;&nbsp;&nbsp;&nbsp;&nbsp;&nbsp;&nbsp;&nbsp;&nbsp;&nbsp;&nbsp;&nbsp; 90 TL<\/p>\n<\/div>\n\n\n\n<div class=\"wp-block-column is-layout-flow wp-container-core-column-is-layout-8a368f38 wp-block-column-is-layout-flow\">\n<figure class=\"wp-block-image size-large is-style-rounded is-style-rounded--7\"><img loading=\"lazy\" decoding=\"async\" width=\"768\" height=\"1024\" src=\"https:\/\/akare.com\/ticaret\/wp-content\/uploads\/2024\/05\/IMG_8378-768x1024.jpg\" alt=\"\" class=\"wp-image-142\" style=\"aspect-ratio:3\/4;object-fit:cover\" srcset=\"https:\/\/akare.com\/ticaret\/wp-content\/uploads\/2024\/05\/IMG_8378-768x1024.jpg 768w, https:\/\/akare.com\/ticaret\/wp-content\/uploads\/2024\/05\/IMG_8378-225x300.jpg 225w, https:\/\/akare.com\/ticaret\/wp-content\/uploads\/2024\/05\/IMG_8378-1152x1536.jpg 1152w, https:\/\/akare.com\/ticaret\/wp-content\/uploads\/2024\/05\/IMG_8378-1536x2048.jpg 1536w, https:\/\/akare.com\/ticaret\/wp-content\/uploads\/2024\/05\/IMG_8378-scaled.jpg 1920w\" sizes=\"auto, (max-width: 768px) 100vw, 768px\" \/><figcaption class=\"wp-element-caption\"><strong>Kablo tava ve merdiven birle\u015ftirme eleman\u0131<\/strong><\/figcaption><\/figure>\n\n\n\n<p>STOK:&nbsp;&nbsp;&nbsp;&nbsp;&nbsp;&nbsp;&nbsp;&nbsp;&nbsp;&nbsp;&nbsp;&nbsp;&nbsp;&nbsp;&nbsp;&nbsp;&nbsp;&nbsp;&nbsp;&nbsp;&nbsp; 25 Adet<\/p>\n\n\n\n<p>B\u0130R\u0130M F\u0130AT:&nbsp;&nbsp;&nbsp;&nbsp;&nbsp;&nbsp;&nbsp;&nbsp;&nbsp;&nbsp;&nbsp;&nbsp; 25 TL<\/p>\n\n\n\n<div style=\"height:var(--wp--preset--spacing--50)\" aria-hidden=\"true\" class=\"wp-block-spacer\"><\/div>\n\n\n\n<figure class=\"wp-block-image size-large is-style-rounded is-style-rounded--8\"><img loading=\"lazy\" decoding=\"async\" width=\"768\" height=\"1024\" src=\"https:\/\/akare.com\/ticaret\/wp-content\/uploads\/2024\/05\/IMG_8375-768x1024.jpg\" alt=\"\" class=\"wp-image-143\" style=\"aspect-ratio:3\/4;object-fit:cover\" srcset=\"https:\/\/akare.com\/ticaret\/wp-content\/uploads\/2024\/05\/IMG_8375-768x1024.jpg 768w, https:\/\/akare.com\/ticaret\/wp-content\/uploads\/2024\/05\/IMG_8375-225x300.jpg 225w, https:\/\/akare.com\/ticaret\/wp-content\/uploads\/2024\/05\/IMG_8375-1152x1536.jpg 1152w, https:\/\/akare.com\/ticaret\/wp-content\/uploads\/2024\/05\/IMG_8375-1536x2048.jpg 1536w, https:\/\/akare.com\/ticaret\/wp-content\/uploads\/2024\/05\/IMG_8375-scaled.jpg 1920w\" sizes=\"auto, (max-width: 768px) 100vw, 768px\" \/><figcaption class=\"wp-element-caption\"><strong>15 cm lik kablo tava yatay konsolu<\/strong><\/figcaption><\/figure>\n\n\n\n<p>STOK:&nbsp;&nbsp;&nbsp;&nbsp;&nbsp;&nbsp;&nbsp;&nbsp;&nbsp;&nbsp;&nbsp;&nbsp;&nbsp;&nbsp;&nbsp;&nbsp;&nbsp;&nbsp;&nbsp;&nbsp;&nbsp; 12 Adet<\/p>\n\n\n\n<p>B\u0130R\u0130M F\u0130AT:&nbsp;&nbsp;&nbsp;&nbsp;&nbsp;&nbsp;&nbsp;&nbsp;&nbsp;&nbsp;&nbsp;&nbsp; 15 TL<\/p>\n<\/div>\n\n\n\n<div class=\"wp-block-column is-layout-flow wp-container-core-column-is-layout-8a368f38 wp-block-column-is-layout-flow\">\n<div style=\"height:var(--wp--preset--spacing--50)\" aria-hidden=\"true\" class=\"wp-block-spacer\"><\/div>\n\n\n\n<figure class=\"wp-block-image size-large is-style-rounded is-style-rounded--9\"><img loading=\"lazy\" decoding=\"async\" width=\"768\" height=\"1024\" src=\"https:\/\/akare.com\/ticaret\/wp-content\/uploads\/2024\/05\/IMG_8371-768x1024.jpg\" alt=\"\" class=\"wp-image-146\" style=\"aspect-ratio:1;object-fit:cover\" srcset=\"https:\/\/akare.com\/ticaret\/wp-content\/uploads\/2024\/05\/IMG_8371-768x1024.jpg 768w, https:\/\/akare.com\/ticaret\/wp-content\/uploads\/2024\/05\/IMG_8371-225x300.jpg 225w, https:\/\/akare.com\/ticaret\/wp-content\/uploads\/2024\/05\/IMG_8371-1152x1536.jpg 1152w, https:\/\/akare.com\/ticaret\/wp-content\/uploads\/2024\/05\/IMG_8371-1536x2048.jpg 1536w, https:\/\/akare.com\/ticaret\/wp-content\/uploads\/2024\/05\/IMG_8371-scaled.jpg 1920w\" sizes=\"auto, (max-width: 768px) 100vw, 768px\" \/><figcaption class=\"wp-element-caption\"><strong>10 cm lik kablo tava ask\u0131 eleman\u0131<\/strong><\/figcaption><\/figure>\n\n\n\n<p>STOK:&nbsp;&nbsp;&nbsp;&nbsp;&nbsp;&nbsp;&nbsp;&nbsp;&nbsp;&nbsp;&nbsp;&nbsp;&nbsp;&nbsp;&nbsp;&nbsp;&nbsp;&nbsp;&nbsp;&nbsp;&nbsp; 20 Adet<\/p>\n\n\n\n<p>B\u0130R\u0130M F\u0130AT:&nbsp;&nbsp;&nbsp;&nbsp;&nbsp;&nbsp;&nbsp;&nbsp;&nbsp;&nbsp;&nbsp;&nbsp; 15 TL<\/p>\n\n\n\n<div style=\"height:var(--wp--preset--spacing--50)\" aria-hidden=\"true\" class=\"wp-block-spacer\"><\/div>\n\n\n\n<div style=\"height:var(--wp--preset--spacing--50)\" aria-hidden=\"true\" class=\"wp-block-spacer\"><\/div>\n\n\n\n<figure class=\"wp-block-image size-large is-style-rounded is-style-rounded--10\"><img loading=\"lazy\" decoding=\"async\" width=\"768\" height=\"1024\" src=\"https:\/\/akare.com\/ticaret\/wp-content\/uploads\/2024\/05\/IMG_8370-1-768x1024.jpg\" alt=\"\" class=\"wp-image-147\" style=\"aspect-ratio:9\/16;object-fit:cover\" srcset=\"https:\/\/akare.com\/ticaret\/wp-content\/uploads\/2024\/05\/IMG_8370-1-768x1024.jpg 768w, https:\/\/akare.com\/ticaret\/wp-content\/uploads\/2024\/05\/IMG_8370-1-225x300.jpg 225w, https:\/\/akare.com\/ticaret\/wp-content\/uploads\/2024\/05\/IMG_8370-1-1152x1536.jpg 1152w, https:\/\/akare.com\/ticaret\/wp-content\/uploads\/2024\/05\/IMG_8370-1-1536x2048.jpg 1536w, https:\/\/akare.com\/ticaret\/wp-content\/uploads\/2024\/05\/IMG_8370-1-scaled.jpg 1920w\" sizes=\"auto, (max-width: 768px) 100vw, 768px\" \/><figcaption class=\"wp-element-caption\"><strong>20 cm lik kablo tava ask\u0131 eleman\u0131<\/strong><\/figcaption><\/figure>\n\n\n\n<p>STOK:&nbsp;&nbsp;&nbsp;&nbsp;&nbsp;&nbsp;&nbsp;&nbsp;&nbsp;&nbsp;&nbsp;&nbsp;&nbsp;&nbsp;&nbsp;&nbsp;&nbsp;&nbsp;&nbsp;&nbsp;&nbsp; 72 Adet<\/p>\n\n\n\n<p>B\u0130R\u0130M F\u0130AT:&nbsp;&nbsp;&nbsp;&nbsp;&nbsp;&nbsp;&nbsp;&nbsp;&nbsp;&nbsp;&nbsp;&nbsp; 20 TL<\/p>\n<\/div>\n<\/div>\n<\/div>\n\n\n\n<figure class=\"wp-block-image aligncenter size-large is-resized is-style-rounded is-style-rounded--11\"><img loading=\"lazy\" decoding=\"async\" width=\"768\" height=\"1024\" src=\"https:\/\/akare.com\/ticaret\/wp-content\/uploads\/2024\/05\/IMG_7608-2-768x1024.jpg\" alt=\"\" class=\"wp-image-155\" style=\"width:249px;height:auto\" srcset=\"https:\/\/akare.com\/ticaret\/wp-content\/uploads\/2024\/05\/IMG_7608-2-768x1024.jpg 768w, https:\/\/akare.com\/ticaret\/wp-content\/uploads\/2024\/05\/IMG_7608-2-225x300.jpg 225w, https:\/\/akare.com\/ticaret\/wp-content\/uploads\/2024\/05\/IMG_7608-2-1152x1536.jpg 1152w, https:\/\/akare.com\/ticaret\/wp-content\/uploads\/2024\/05\/IMG_7608-2-1536x2048.jpg 1536w, https:\/\/akare.com\/ticaret\/wp-content\/uploads\/2024\/05\/IMG_7608-2-scaled.jpg 1920w\" sizes=\"auto, (max-width: 768px) 100vw, 768px\" \/><figcaption class=\"wp-element-caption\"><strong>600 mm lik kablo tava \/ merdiven i\u00e7in galvanizli kapak<\/strong><\/figcaption><\/figure>\n\n\n\n<p class=\"has-text-align-left\">                                   STOK:\u00a0\u00a0\u00a0\u00a0\u00a0\u00a0\u00a0\u00a0\u00a0\u00a0\u00a0\u00a0\u00a0\u00a0\u00a0\u00a0\u00a0\u00a0\u00a0\u00a0\u00a0 12 Metre<\/p>\n\n\n\n<p>                                   B\u0130R\u0130M F\u0130AT:\u00a0\u00a0\u00a0\u00a0\u00a0\u00a0\u00a0\u00a0\u00a0\u00a0\u00a0\u00a0 150 TL<\/p>\n\n\n\n<figure class=\"wp-block-image aligncenter size-large is-resized is-style-rounded is-style-rounded--12\"><img loading=\"lazy\" decoding=\"async\" width=\"768\" height=\"1024\" src=\"https:\/\/akare.com\/ticaret\/wp-content\/uploads\/2025\/01\/IMG_7609-768x1024.jpg\" alt=\"\" class=\"wp-image-349\" style=\"width:249px;height:auto\" srcset=\"https:\/\/akare.com\/ticaret\/wp-content\/uploads\/2025\/01\/IMG_7609-768x1024.jpg 768w, https:\/\/akare.com\/ticaret\/wp-content\/uploads\/2025\/01\/IMG_7609-225x300.jpg 225w, https:\/\/akare.com\/ticaret\/wp-content\/uploads\/2025\/01\/IMG_7609-1152x1536.jpg 1152w, https:\/\/akare.com\/ticaret\/wp-content\/uploads\/2025\/01\/IMG_7609-1536x2048.jpg 1536w, https:\/\/akare.com\/ticaret\/wp-content\/uploads\/2025\/01\/IMG_7609-scaled.jpg 1920w\" sizes=\"auto, (max-width: 768px) 100vw, 768px\" \/><figcaption class=\"wp-element-caption\">4<strong>00 mm lik kablo tava \/ merdiven i\u00e7in galvanizli kapak<\/strong><\/figcaption><\/figure>\n\n\n\n<p class=\"has-text-align-left\">                                   STOK:\u00a0\u00a0\u00a0\u00a0\u00a0\u00a0\u00a0\u00a0\u00a0\u00a0\u00a0\u00a0\u00a0\u00a0\u00a0\u00a0\u00a0\u00a0\u00a0\u00a0\u00a0 12 Metre<\/p>\n\n\n\n<p>                                   B\u0130R\u0130M F\u0130AT:\u00a0\u00a0\u00a0\u00a0\u00a0\u00a0\u00a0\u00a0\u00a0\u00a0\u00a0\u00a0 100 TL<\/p>\n\n\n\n<figure class=\"wp-block-image aligncenter size-large is-resized is-style-rounded is-style-rounded--13\"><img loading=\"lazy\" decoding=\"async\" width=\"768\" height=\"1024\" src=\"https:\/\/akare.com\/ticaret\/wp-content\/uploads\/2025\/01\/IMG_7610-768x1024.jpg\" alt=\"\" class=\"wp-image-350\" style=\"width:249px;height:auto\" srcset=\"https:\/\/akare.com\/ticaret\/wp-content\/uploads\/2025\/01\/IMG_7610-768x1024.jpg 768w, https:\/\/akare.com\/ticaret\/wp-content\/uploads\/2025\/01\/IMG_7610-225x300.jpg 225w, https:\/\/akare.com\/ticaret\/wp-content\/uploads\/2025\/01\/IMG_7610-1152x1536.jpg 1152w, https:\/\/akare.com\/ticaret\/wp-content\/uploads\/2025\/01\/IMG_7610-1536x2048.jpg 1536w, https:\/\/akare.com\/ticaret\/wp-content\/uploads\/2025\/01\/IMG_7610-scaled.jpg 1920w\" sizes=\"auto, (max-width: 768px) 100vw, 768px\" \/><figcaption class=\"wp-element-caption\"><strong>100 mm lik kablo tava \/ merdiven i\u00e7in galvanizli kapak<\/strong><\/figcaption><\/figure>\n\n\n\n<p class=\"has-text-align-left\">                                   STOK:\u00a0\u00a0\u00a0\u00a0\u00a0\u00a0\u00a0\u00a0\u00a0\u00a0\u00a0\u00a0\u00a0\u00a0\u00a0\u00a0\u00a0\u00a0\u00a0\u00a0\u00a0 27 Metre<\/p>\n\n\n\n<p>                                   B\u0130R\u0130M F\u0130AT:\u00a0\u00a0\u00a0\u00a0\u00a0\u00a0\u00a0\u00a0\u00a0\u00a0\u00a0\u00a0 50 TL<\/p>\n\n\n\n<div class=\"wp-block-group is-content-justification-center is-nowrap is-layout-flex wp-container-core-group-is-layout-23441af8 wp-block-group-is-layout-flex\">\n<figure class=\"wp-block-image alignright size-large is-resized\"><img loading=\"lazy\" decoding=\"async\" width=\"768\" height=\"1024\" src=\"https:\/\/akare.com\/ticaret\/wp-content\/uploads\/2024\/05\/IMG_7613-768x1024.jpg\" alt=\"\" class=\"wp-image-151\" style=\"width:252px;height:auto\" srcset=\"https:\/\/akare.com\/ticaret\/wp-content\/uploads\/2024\/05\/IMG_7613-768x1024.jpg 768w, https:\/\/akare.com\/ticaret\/wp-content\/uploads\/2024\/05\/IMG_7613-225x300.jpg 225w, https:\/\/akare.com\/ticaret\/wp-content\/uploads\/2024\/05\/IMG_7613-1152x1536.jpg 1152w, https:\/\/akare.com\/ticaret\/wp-content\/uploads\/2024\/05\/IMG_7613-1536x2048.jpg 1536w, https:\/\/akare.com\/ticaret\/wp-content\/uploads\/2024\/05\/IMG_7613-scaled.jpg 1920w\" sizes=\"auto, (max-width: 768px) 100vw, 768px\" \/><figcaption class=\"wp-element-caption\"><strong>30&#215;35 perfore k\u00f6\u015febent kablo tava seperat\u00f6r\u00fc<\/strong><\/figcaption><\/figure>\n<\/div>\n\n\n\n<p>                                     STOK:\u00a0\u00a0\u00a0\u00a0\u00a0\u00a0\u00a0\u00a0\u00a0\u00a0\u00a0\u00a0\u00a0\u00a0\u00a0\u00a0\u00a0\u00a0\u00a0\u00a0\u00a0 5 Metre<\/p>\n\n\n\n<p>                                    B\u0130R\u0130M F\u0130AT:\u00a0\u00a0\u00a0\u00a0\u00a0\u00a0\u00a0\u00a0\u00a0\u00a0\u00a0\u00a0 90 TL<\/p>\n\n\n\n<p><\/p>\n","protected":false},"excerpt":{"rendered":"<p>STOK:&nbsp;&nbsp;&nbsp;&nbsp;&nbsp;&nbsp;&nbsp;&nbsp;&nbsp;&nbsp;&nbsp;&nbsp;&nbsp;&nbsp;&nbsp;&nbsp;&nbsp;&nbsp;&nbsp;&nbsp;&nbsp;&nbsp; 7 Metre B\u0130R\u0130M F\u0130AT:&nbsp;&nbsp;&nbsp;&nbsp;&nbsp;&nbsp;&nbsp;&nbsp;&nbsp;&nbsp;&nbsp;&nbsp; 150 TL STOK:&nbsp;&nbsp;&nbsp;&nbsp;&nbsp;&nbsp;&nbsp;&nbsp;&nbsp;&nbsp;&nbsp;&nbsp;&nbsp;&nbsp;&nbsp;&nbsp;&nbsp;&nbsp;&nbsp;&nbsp; 3 Adet B\u0130R\u0130M F\u0130AT:&nbsp;&nbsp;&nbsp;&nbsp;&nbsp;&nbsp;&nbsp;&nbsp;&nbsp;&nbsp; 90 TL STOK:&nbsp;&nbsp;&nbsp;&nbsp;&nbsp;&nbsp;&nbsp;&nbsp;&nbsp;&nbsp;&nbsp;&nbsp;&nbsp;&nbsp;&nbsp;&nbsp;&nbsp;&nbsp;&nbsp;&nbsp; 1 Adet B\u0130R\u0130M F\u0130AT:&nbsp;&nbsp;&nbsp;&nbsp;&nbsp;&nbsp;&nbsp;&nbsp;&nbsp;&nbsp; 90 TL STOK:&nbsp;&nbsp;&nbsp;&nbsp;&nbsp;&nbsp;&nbsp;&nbsp;&nbsp;&nbsp;&nbsp;&nbsp;&nbsp;&nbsp;&nbsp;&nbsp;&nbsp;&nbsp;&nbsp;&nbsp;&nbsp;&nbsp; 6 Adet B\u0130R\u0130M F\u0130AT:&nbsp;&nbsp;&nbsp;&nbsp;&nbsp;&nbsp;&nbsp;&nbsp;&nbsp;&nbsp;&nbsp;&nbsp; 80 TL STOK:&nbsp;&nbsp;&nbsp;&nbsp;&nbsp;&nbsp;&nbsp;&nbsp;&nbsp;&nbsp;&nbsp;&nbsp;&nbsp;&nbsp;&nbsp;&nbsp;&nbsp;&nbsp;&nbsp;&nbsp;&nbsp;&nbsp; 6 Adet B\u0130R\u0130M F\u0130AT:&nbsp;&nbsp;&nbsp;&nbsp;&nbsp;&nbsp;&nbsp;&nbsp;&nbsp;&nbsp;&nbsp;&nbsp; 70 TL STOK:&nbsp;&nbsp;&nbsp;&nbsp;&nbsp;&nbsp;&nbsp;&nbsp;&nbsp;&nbsp;&nbsp;&nbsp;&nbsp;&nbsp;&nbsp;&nbsp;&nbsp;&nbsp;&nbsp;&nbsp;&nbsp; 3 Adet B\u0130R\u0130M F\u0130AT:&nbsp;&nbsp;&nbsp;&nbsp;&nbsp;&nbsp;&nbsp;&nbsp;&nbsp;&nbsp;&nbsp;&nbsp; 90 TL STOK:&nbsp;&nbsp;&nbsp;&nbsp;&nbsp;&nbsp;&nbsp;&nbsp;&nbsp;&nbsp;&nbsp;&nbsp;&nbsp;&nbsp;&nbsp;&nbsp;&nbsp;&nbsp;&nbsp;&nbsp;&nbsp; 25 Adet B\u0130R\u0130M F\u0130AT:&nbsp;&nbsp;&nbsp;&nbsp;&nbsp;&nbsp;&nbsp;&nbsp;&nbsp;&nbsp;&nbsp;&nbsp; 25 TL STOK:&nbsp;&nbsp;&nbsp;&nbsp;&nbsp;&nbsp;&nbsp;&nbsp;&nbsp;&nbsp;&nbsp;&nbsp;&nbsp;&nbsp;&nbsp;&nbsp;&nbsp;&nbsp;&nbsp;&nbsp;&nbsp; 12 Adet B\u0130R\u0130M F\u0130AT:&nbsp;&nbsp;&nbsp;&nbsp;&nbsp;&nbsp;&nbsp;&nbsp;&nbsp;&nbsp;&nbsp;&nbsp; 15 [&hellip;]<\/p>\n","protected":false},"author":1,"featured_media":0,"parent":0,"menu_order":0,"comment_status":"closed","ping_status":"closed","template":"","meta":{"footnotes":""},"class_list":["post-135","page","type-page","status-publish","hentry"],"_links":{"self":[{"href":"https:\/\/akare.com\/ticaret\/wp-json\/wp\/v2\/pages\/135","targetHints":{"allow":["GET"]}}],"collection":[{"href":"https:\/\/akare.com\/ticaret\/wp-json\/wp\/v2\/pages"}],"about":[{"href":"https:\/\/akare.com\/ticaret\/wp-json\/wp\/v2\/types\/page"}],"author":[{"embeddable":true,"href":"https:\/\/akare.com\/ticaret\/wp-json\/wp\/v2\/users\/1"}],"replies":[{"embeddable":true,"href":"https:\/\/akare.com\/ticaret\/wp-json\/wp\/v2\/comments?post=135"}],"version-history":[{"count":3,"href":"https:\/\/akare.com\/ticaret\/wp-json\/wp\/v2\/pages\/135\/revisions"}],"predecessor-version":[{"id":351,"href":"https:\/\/akare.com\/ticaret\/wp-json\/wp\/v2\/pages\/135\/revisions\/351"}],"wp:attachment":[{"href":"https:\/\/akare.com\/ticaret\/wp-json\/wp\/v2\/media?parent=135"}],"curies":[{"name":"wp","href":"https:\/\/api.w.org\/{rel}","templated":true}]}}