{"id":111,"date":"2024-05-09T14:54:03","date_gmt":"2024-05-09T14:54:03","guid":{"rendered":"https:\/\/akare.com\/ticaret\/?page_id=111"},"modified":"2025-01-18T15:59:03","modified_gmt":"2025-01-18T15:59:03","slug":"fis-ve-prizler","status":"publish","type":"page","link":"https:\/\/akare.com\/ticaret\/fis-ve-prizler\/","title":{"rendered":"Fi\u015f ve Prizler"},"content":{"rendered":"\n<div class=\"wp-block-group alignwide has-global-padding is-layout-constrained wp-block-group-is-layout-constrained\">\n<p><\/p>\n<\/div>\n\n\n\n<div class=\"wp-block-columns alignwide is-layout-flex wp-container-core-columns-is-layout-ff4b9c61 wp-block-columns-is-layout-flex\" style=\"margin-top:0;margin-bottom:0\">\n<div class=\"wp-block-column is-layout-flow wp-container-core-column-is-layout-8a368f38 wp-block-column-is-layout-flow\">\n<figure class=\"wp-block-image size-large is-style-rounded is-style-rounded--1\"><img loading=\"lazy\" decoding=\"async\" width=\"1024\" height=\"768\" src=\"https:\/\/akare.com\/ticaret\/wp-content\/uploads\/2024\/05\/18022011660-1024x768.jpg\" alt=\"\" class=\"wp-image-112\" style=\"aspect-ratio:4\/3;object-fit:cover\" srcset=\"https:\/\/akare.com\/ticaret\/wp-content\/uploads\/2024\/05\/18022011660-1024x768.jpg 1024w, https:\/\/akare.com\/ticaret\/wp-content\/uploads\/2024\/05\/18022011660-300x225.jpg 300w, https:\/\/akare.com\/ticaret\/wp-content\/uploads\/2024\/05\/18022011660-768x576.jpg 768w, https:\/\/akare.com\/ticaret\/wp-content\/uploads\/2024\/05\/18022011660-1536x1152.jpg 1536w, https:\/\/akare.com\/ticaret\/wp-content\/uploads\/2024\/05\/18022011660-2048x1536.jpg 2048w\" sizes=\"auto, (max-width: 1024px) 100vw, 1024px\" \/><figcaption class=\"wp-element-caption\"><strong>JUNG MARKA &nbsp;PR\u0130Z<\/strong><\/figcaption><\/figure>\n\n\n\n<p>STOK:&nbsp;&nbsp;&nbsp;&nbsp;&nbsp;&nbsp;&nbsp;&nbsp;&nbsp;&nbsp;&nbsp;&nbsp;&nbsp;&nbsp;&nbsp;&nbsp;&nbsp;&nbsp;&nbsp;&nbsp;&nbsp; 148 Adet<\/p>\n\n\n\n<p>B\u0130R\u0130M F\u0130AT:&nbsp;&nbsp;&nbsp;&nbsp;&nbsp;&nbsp;&nbsp;&nbsp;&nbsp;&nbsp;&nbsp;&nbsp; 50 TL<\/p>\n\n\n\n<div style=\"height:var(--wp--preset--spacing--50)\" aria-hidden=\"true\" class=\"wp-block-spacer\"><\/div>\n\n\n\n<figure class=\"wp-block-image size-large is-style-rounded is-style-rounded--2\"><img loading=\"lazy\" decoding=\"async\" width=\"1024\" height=\"768\" src=\"https:\/\/akare.com\/ticaret\/wp-content\/uploads\/2024\/05\/17022011659-1024x768.jpg\" alt=\"\" class=\"wp-image-113\" style=\"aspect-ratio:3\/4;object-fit:cover\" srcset=\"https:\/\/akare.com\/ticaret\/wp-content\/uploads\/2024\/05\/17022011659-1024x768.jpg 1024w, https:\/\/akare.com\/ticaret\/wp-content\/uploads\/2024\/05\/17022011659-300x225.jpg 300w, https:\/\/akare.com\/ticaret\/wp-content\/uploads\/2024\/05\/17022011659-768x576.jpg 768w, https:\/\/akare.com\/ticaret\/wp-content\/uploads\/2024\/05\/17022011659-1536x1152.jpg 1536w, https:\/\/akare.com\/ticaret\/wp-content\/uploads\/2024\/05\/17022011659-2048x1536.jpg 2048w\" sizes=\"auto, (max-width: 1024px) 100vw, 1024px\" \/><figcaption class=\"wp-element-caption\"><strong>CEE NORM F\u0130\u015e VE PR\u0130Z<\/strong><\/figcaption><\/figure>\n\n\n\n<p>STOK:&nbsp;&nbsp;&nbsp;&nbsp;&nbsp;&nbsp;&nbsp;&nbsp;&nbsp;&nbsp;&nbsp;&nbsp;&nbsp;&nbsp;&nbsp;&nbsp;&nbsp;&nbsp;&nbsp;&nbsp;&nbsp;&nbsp; 5 Adet<\/p>\n\n\n\n<p>B\u0130R\u0130M F\u0130AT:&nbsp;&nbsp;&nbsp;&nbsp;&nbsp;&nbsp;&nbsp;&nbsp;&nbsp;&nbsp;&nbsp;&nbsp; 120 TL<\/p>\n\n\n\n<div style=\"height:var(--wp--preset--spacing--50)\" aria-hidden=\"true\" class=\"wp-block-spacer\"><\/div>\n\n\n\n<figure class=\"wp-block-image size-large is-style-rounded is-style-rounded--3\"><img loading=\"lazy\" decoding=\"async\" width=\"768\" height=\"1024\" src=\"https:\/\/akare.com\/ticaret\/wp-content\/uploads\/2024\/05\/18022011662-768x1024.jpg\" alt=\"\" class=\"wp-image-114\" style=\"aspect-ratio:3\/4;object-fit:cover\" srcset=\"https:\/\/akare.com\/ticaret\/wp-content\/uploads\/2024\/05\/18022011662-768x1024.jpg 768w, https:\/\/akare.com\/ticaret\/wp-content\/uploads\/2024\/05\/18022011662-225x300.jpg 225w, https:\/\/akare.com\/ticaret\/wp-content\/uploads\/2024\/05\/18022011662-1152x1536.jpg 1152w, https:\/\/akare.com\/ticaret\/wp-content\/uploads\/2024\/05\/18022011662-1536x2048.jpg 1536w, https:\/\/akare.com\/ticaret\/wp-content\/uploads\/2024\/05\/18022011662-scaled.jpg 1920w\" sizes=\"auto, (max-width: 768px) 100vw, 768px\" \/><figcaption class=\"wp-element-caption\"><strong>LEGRAND DLP KANAL \u0130\u00c7\u0130N PR\u0130Zl<\/strong><\/figcaption><\/figure>\n\n\n\n<p>STOK:&nbsp;&nbsp;&nbsp;&nbsp;&nbsp;&nbsp;&nbsp;&nbsp;&nbsp;&nbsp;&nbsp;&nbsp;&nbsp;&nbsp;&nbsp;&nbsp;&nbsp;&nbsp;&nbsp;&nbsp;&nbsp; 50 Adet<\/p>\n\n\n\n<p>B\u0130R\u0130M F\u0130AT:&nbsp;&nbsp;&nbsp;&nbsp;&nbsp;&nbsp;&nbsp;&nbsp;&nbsp;&nbsp;&nbsp;&nbsp; 80 TL<\/p>\n<\/div>\n\n\n\n<div class=\"wp-block-column is-layout-flow wp-container-core-column-is-layout-8a368f38 wp-block-column-is-layout-flow\">\n<div style=\"height:var(--wp--preset--spacing--50)\" aria-hidden=\"true\" class=\"wp-block-spacer\"><\/div>\n\n\n\n<figure class=\"wp-block-image size-large is-style-rounded is-style-rounded--4\"><img loading=\"lazy\" decoding=\"async\" width=\"1024\" height=\"768\" src=\"https:\/\/akare.com\/ticaret\/wp-content\/uploads\/2024\/05\/18022011665-1024x768.jpg\" alt=\"\" class=\"wp-image-115\" style=\"aspect-ratio:3\/4;object-fit:cover\" srcset=\"https:\/\/akare.com\/ticaret\/wp-content\/uploads\/2024\/05\/18022011665-1024x768.jpg 1024w, https:\/\/akare.com\/ticaret\/wp-content\/uploads\/2024\/05\/18022011665-300x225.jpg 300w, https:\/\/akare.com\/ticaret\/wp-content\/uploads\/2024\/05\/18022011665-768x576.jpg 768w, https:\/\/akare.com\/ticaret\/wp-content\/uploads\/2024\/05\/18022011665-1536x1152.jpg 1536w, https:\/\/akare.com\/ticaret\/wp-content\/uploads\/2024\/05\/18022011665-2048x1536.jpg 2048w\" sizes=\"auto, (max-width: 1024px) 100vw, 1024px\" \/><figcaption class=\"wp-element-caption\"><strong>TOPRAKLI F\u0130\u015e 220V 13A<\/strong><\/figcaption><\/figure>\n\n\n\n<p><a>STOK:&nbsp;&nbsp;&nbsp;&nbsp;&nbsp;&nbsp;&nbsp;&nbsp;&nbsp;&nbsp;&nbsp;&nbsp;&nbsp;&nbsp;&nbsp;&nbsp;&nbsp;&nbsp;&nbsp;&nbsp;&nbsp;&nbsp; 50 Adet<\/a><\/p>\n\n\n\n<p>B\u0130R\u0130M F\u0130AT:&nbsp;&nbsp;&nbsp;&nbsp;&nbsp;&nbsp;&nbsp;&nbsp;&nbsp;&nbsp;&nbsp;&nbsp; 20 TL<\/p>\n\n\n\n<div style=\"height:var(--wp--preset--spacing--50)\" aria-hidden=\"true\" class=\"wp-block-spacer\"><\/div>\n\n\n\n<figure class=\"wp-block-image size-large is-style-rounded is-style-rounded--5\"><img loading=\"lazy\" decoding=\"async\" width=\"1024\" height=\"768\" src=\"https:\/\/akare.com\/ticaret\/wp-content\/uploads\/2024\/05\/IMG_7228-2-1024x768.jpg\" alt=\"\" class=\"wp-image-116\" style=\"aspect-ratio:1;object-fit:cover\" srcset=\"https:\/\/akare.com\/ticaret\/wp-content\/uploads\/2024\/05\/IMG_7228-2-1024x768.jpg 1024w, https:\/\/akare.com\/ticaret\/wp-content\/uploads\/2024\/05\/IMG_7228-2-300x225.jpg 300w, https:\/\/akare.com\/ticaret\/wp-content\/uploads\/2024\/05\/IMG_7228-2-768x576.jpg 768w, https:\/\/akare.com\/ticaret\/wp-content\/uploads\/2024\/05\/IMG_7228-2-1536x1152.jpg 1536w, https:\/\/akare.com\/ticaret\/wp-content\/uploads\/2024\/05\/IMG_7228-2-2048x1536.jpg 2048w\" sizes=\"auto, (max-width: 1024px) 100vw, 1024px\" \/><figcaption class=\"wp-element-caption\"><strong>METESAN &nbsp;PR\u0130Z<\/strong><\/figcaption><\/figure>\n\n\n\n<p>STOK:&nbsp;&nbsp;&nbsp;&nbsp;&nbsp;&nbsp;&nbsp;&nbsp;&nbsp;&nbsp;&nbsp;&nbsp;&nbsp;&nbsp;&nbsp;&nbsp;&nbsp;&nbsp;&nbsp;&nbsp;&nbsp; 19 Adet<\/p>\n\n\n\n<p>B\u0130R\u0130M F\u0130AT:&nbsp;&nbsp;&nbsp;&nbsp;&nbsp;&nbsp;&nbsp;&nbsp;&nbsp;&nbsp;&nbsp;&nbsp; 30 TL<\/p>\n\n\n\n<div style=\"height:var(--wp--preset--spacing--50)\" aria-hidden=\"true\" class=\"wp-block-spacer\"><\/div>\n\n\n\n<figure class=\"wp-block-image size-large is-style-rounded is-style-rounded--6\"><img loading=\"lazy\" decoding=\"async\" width=\"768\" height=\"1024\" src=\"https:\/\/akare.com\/ticaret\/wp-content\/uploads\/2024\/05\/IMG_7451-768x1024.jpg\" alt=\"\" class=\"wp-image-117\" style=\"aspect-ratio:1;object-fit:cover\" srcset=\"https:\/\/akare.com\/ticaret\/wp-content\/uploads\/2024\/05\/IMG_7451-768x1024.jpg 768w, https:\/\/akare.com\/ticaret\/wp-content\/uploads\/2024\/05\/IMG_7451-225x300.jpg 225w, https:\/\/akare.com\/ticaret\/wp-content\/uploads\/2024\/05\/IMG_7451-1152x1536.jpg 1152w, https:\/\/akare.com\/ticaret\/wp-content\/uploads\/2024\/05\/IMG_7451-1536x2048.jpg 1536w, https:\/\/akare.com\/ticaret\/wp-content\/uploads\/2024\/05\/IMG_7451-scaled.jpg 1920w\" sizes=\"auto, (max-width: 768px) 100vw, 768px\" \/><figcaption class=\"wp-element-caption\"><strong>Trifaze fi\u015f 3x63A Metesan<\/strong><\/figcaption><\/figure>\n\n\n\n<p>STOK:&nbsp;&nbsp;&nbsp;&nbsp;&nbsp;&nbsp;&nbsp;&nbsp;&nbsp;&nbsp;&nbsp;&nbsp;&nbsp;&nbsp;&nbsp;&nbsp;&nbsp;&nbsp;&nbsp;&nbsp;&nbsp;&nbsp; 2 Adet<\/p>\n\n\n\n<p>B\u0130R\u0130M F\u0130AT:&nbsp;&nbsp;&nbsp;&nbsp;&nbsp;&nbsp;&nbsp;&nbsp;&nbsp;&nbsp;&nbsp;&nbsp; 250 TL<\/p>\n<\/div>\n\n\n\n<div class=\"wp-block-column is-layout-flow wp-container-core-column-is-layout-8a368f38 wp-block-column-is-layout-flow\">\n<figure class=\"wp-block-image size-large is-style-rounded is-style-rounded--7\"><img loading=\"lazy\" decoding=\"async\" width=\"768\" height=\"1024\" src=\"https:\/\/akare.com\/ticaret\/wp-content\/uploads\/2024\/05\/IMG_8165-768x1024.jpg\" alt=\"\" class=\"wp-image-118\" style=\"aspect-ratio:3\/4;object-fit:cover\" srcset=\"https:\/\/akare.com\/ticaret\/wp-content\/uploads\/2024\/05\/IMG_8165-768x1024.jpg 768w, https:\/\/akare.com\/ticaret\/wp-content\/uploads\/2024\/05\/IMG_8165-225x300.jpg 225w, https:\/\/akare.com\/ticaret\/wp-content\/uploads\/2024\/05\/IMG_8165-1152x1536.jpg 1152w, https:\/\/akare.com\/ticaret\/wp-content\/uploads\/2024\/05\/IMG_8165-1536x2048.jpg 1536w, https:\/\/akare.com\/ticaret\/wp-content\/uploads\/2024\/05\/IMG_8165-scaled.jpg 1920w\" sizes=\"auto, (max-width: 768px) 100vw, 768px\" \/><figcaption class=\"wp-element-caption\"><strong>Gira elektrik prizi<\/strong><\/figcaption><\/figure>\n\n\n\n<p>STOK:&nbsp;&nbsp;&nbsp;&nbsp;&nbsp;&nbsp;&nbsp;&nbsp;&nbsp;&nbsp;&nbsp;&nbsp;&nbsp;&nbsp;&nbsp;&nbsp;&nbsp;&nbsp;&nbsp;&nbsp;&nbsp;&nbsp; 3 Adet<\/p>\n\n\n\n<p>B\u0130R\u0130M F\u0130AT:&nbsp;&nbsp;&nbsp;&nbsp;&nbsp;&nbsp;&nbsp;&nbsp;&nbsp;&nbsp;&nbsp;&nbsp; 250 TL<\/p>\n\n\n\n<div style=\"height:var(--wp--preset--spacing--50)\" aria-hidden=\"true\" class=\"wp-block-spacer\"><\/div>\n\n\n\n<figure class=\"wp-block-image size-large is-style-rounded is-style-rounded--8\"><img loading=\"lazy\" decoding=\"async\" width=\"768\" height=\"1024\" src=\"https:\/\/akare.com\/ticaret\/wp-content\/uploads\/2024\/05\/IMG_8163-768x1024.jpg\" alt=\"\" class=\"wp-image-119\" style=\"aspect-ratio:3\/4;object-fit:cover\" srcset=\"https:\/\/akare.com\/ticaret\/wp-content\/uploads\/2024\/05\/IMG_8163-768x1024.jpg 768w, https:\/\/akare.com\/ticaret\/wp-content\/uploads\/2024\/05\/IMG_8163-225x300.jpg 225w, https:\/\/akare.com\/ticaret\/wp-content\/uploads\/2024\/05\/IMG_8163-1152x1536.jpg 1152w, https:\/\/akare.com\/ticaret\/wp-content\/uploads\/2024\/05\/IMG_8163-1536x2048.jpg 1536w, https:\/\/akare.com\/ticaret\/wp-content\/uploads\/2024\/05\/IMG_8163-scaled.jpg 1920w\" sizes=\"auto, (max-width: 768px) 100vw, 768px\" \/><figcaption class=\"wp-element-caption\"><strong>Trifaze 3&#215;32 A &nbsp;fi\u015f ve priz<\/strong><\/figcaption><\/figure>\n\n\n\n<p>STOK:&nbsp;&nbsp;&nbsp;&nbsp;&nbsp;&nbsp;&nbsp;&nbsp;&nbsp;&nbsp;&nbsp;&nbsp;&nbsp;&nbsp;&nbsp;&nbsp;&nbsp;&nbsp;&nbsp;&nbsp; 2 Adet<\/p>\n\n\n\n<p>B\u0130R\u0130M F\u0130AT:&nbsp;&nbsp;&nbsp;&nbsp;&nbsp;&nbsp;&nbsp;&nbsp;&nbsp;&nbsp; 350 TL<\/p>\n\n\n\n<div style=\"height:var(--wp--preset--spacing--50)\" aria-hidden=\"true\" class=\"wp-block-spacer\"><\/div>\n<\/div>\n\n\n\n<div class=\"wp-block-column is-layout-flow wp-container-core-column-is-layout-8a368f38 wp-block-column-is-layout-flow\">\n<div style=\"height:var(--wp--preset--spacing--50)\" aria-hidden=\"true\" class=\"wp-block-spacer\"><\/div>\n\n\n\n<div style=\"height:var(--wp--preset--spacing--50)\" aria-hidden=\"true\" class=\"wp-block-spacer\"><\/div>\n\n\n\n<div style=\"height:var(--wp--preset--spacing--50)\" aria-hidden=\"true\" class=\"wp-block-spacer\"><\/div>\n<\/div>\n<\/div>\n\n\n\n<p><\/p>\n","protected":false},"excerpt":{"rendered":"<p>STOK:&nbsp;&nbsp;&nbsp;&nbsp;&nbsp;&nbsp;&nbsp;&nbsp;&nbsp;&nbsp;&nbsp;&nbsp;&nbsp;&nbsp;&nbsp;&nbsp;&nbsp;&nbsp;&nbsp;&nbsp;&nbsp; 148 Adet B\u0130R\u0130M F\u0130AT:&nbsp;&nbsp;&nbsp;&nbsp;&nbsp;&nbsp;&nbsp;&nbsp;&nbsp;&nbsp;&nbsp;&nbsp; 50 TL STOK:&nbsp;&nbsp;&nbsp;&nbsp;&nbsp;&nbsp;&nbsp;&nbsp;&nbsp;&nbsp;&nbsp;&nbsp;&nbsp;&nbsp;&nbsp;&nbsp;&nbsp;&nbsp;&nbsp;&nbsp;&nbsp;&nbsp; 5 Adet B\u0130R\u0130M F\u0130AT:&nbsp;&nbsp;&nbsp;&nbsp;&nbsp;&nbsp;&nbsp;&nbsp;&nbsp;&nbsp;&nbsp;&nbsp; 120 TL STOK:&nbsp;&nbsp;&nbsp;&nbsp;&nbsp;&nbsp;&nbsp;&nbsp;&nbsp;&nbsp;&nbsp;&nbsp;&nbsp;&nbsp;&nbsp;&nbsp;&nbsp;&nbsp;&nbsp;&nbsp;&nbsp; 50 Adet B\u0130R\u0130M F\u0130AT:&nbsp;&nbsp;&nbsp;&nbsp;&nbsp;&nbsp;&nbsp;&nbsp;&nbsp;&nbsp;&nbsp;&nbsp; 80 TL STOK:&nbsp;&nbsp;&nbsp;&nbsp;&nbsp;&nbsp;&nbsp;&nbsp;&nbsp;&nbsp;&nbsp;&nbsp;&nbsp;&nbsp;&nbsp;&nbsp;&nbsp;&nbsp;&nbsp;&nbsp;&nbsp;&nbsp; 50 Adet B\u0130R\u0130M F\u0130AT:&nbsp;&nbsp;&nbsp;&nbsp;&nbsp;&nbsp;&nbsp;&nbsp;&nbsp;&nbsp;&nbsp;&nbsp; 20 TL STOK:&nbsp;&nbsp;&nbsp;&nbsp;&nbsp;&nbsp;&nbsp;&nbsp;&nbsp;&nbsp;&nbsp;&nbsp;&nbsp;&nbsp;&nbsp;&nbsp;&nbsp;&nbsp;&nbsp;&nbsp;&nbsp; 19 Adet B\u0130R\u0130M F\u0130AT:&nbsp;&nbsp;&nbsp;&nbsp;&nbsp;&nbsp;&nbsp;&nbsp;&nbsp;&nbsp;&nbsp;&nbsp; 30 TL STOK:&nbsp;&nbsp;&nbsp;&nbsp;&nbsp;&nbsp;&nbsp;&nbsp;&nbsp;&nbsp;&nbsp;&nbsp;&nbsp;&nbsp;&nbsp;&nbsp;&nbsp;&nbsp;&nbsp;&nbsp;&nbsp;&nbsp; 2 Adet B\u0130R\u0130M F\u0130AT:&nbsp;&nbsp;&nbsp;&nbsp;&nbsp;&nbsp;&nbsp;&nbsp;&nbsp;&nbsp;&nbsp;&nbsp; 250 TL STOK:&nbsp;&nbsp;&nbsp;&nbsp;&nbsp;&nbsp;&nbsp;&nbsp;&nbsp;&nbsp;&nbsp;&nbsp;&nbsp;&nbsp;&nbsp;&nbsp;&nbsp;&nbsp;&nbsp;&nbsp;&nbsp;&nbsp; 3 Adet B\u0130R\u0130M F\u0130AT:&nbsp;&nbsp;&nbsp;&nbsp;&nbsp;&nbsp;&nbsp;&nbsp;&nbsp;&nbsp;&nbsp;&nbsp; 250 TL STOK:&nbsp;&nbsp;&nbsp;&nbsp;&nbsp;&nbsp;&nbsp;&nbsp;&nbsp;&nbsp;&nbsp;&nbsp;&nbsp;&nbsp;&nbsp;&nbsp;&nbsp;&nbsp;&nbsp;&nbsp; 2 Adet B\u0130R\u0130M F\u0130AT:&nbsp;&nbsp;&nbsp;&nbsp;&nbsp;&nbsp;&nbsp;&nbsp;&nbsp;&nbsp; 350 [&hellip;]<\/p>\n","protected":false},"author":1,"featured_media":0,"parent":0,"menu_order":0,"comment_status":"closed","ping_status":"closed","template":"","meta":{"footnotes":""},"class_list":["post-111","page","type-page","status-publish","hentry"],"_links":{"self":[{"href":"https:\/\/akare.com\/ticaret\/wp-json\/wp\/v2\/pages\/111","targetHints":{"allow":["GET"]}}],"collection":[{"href":"https:\/\/akare.com\/ticaret\/wp-json\/wp\/v2\/pages"}],"about":[{"href":"https:\/\/akare.com\/ticaret\/wp-json\/wp\/v2\/types\/page"}],"author":[{"embeddable":true,"href":"https:\/\/akare.com\/ticaret\/wp-json\/wp\/v2\/users\/1"}],"replies":[{"embeddable":true,"href":"https:\/\/akare.com\/ticaret\/wp-json\/wp\/v2\/comments?post=111"}],"version-history":[{"count":3,"href":"https:\/\/akare.com\/ticaret\/wp-json\/wp\/v2\/pages\/111\/revisions"}],"predecessor-version":[{"id":345,"href":"https:\/\/akare.com\/ticaret\/wp-json\/wp\/v2\/pages\/111\/revisions\/345"}],"wp:attachment":[{"href":"https:\/\/akare.com\/ticaret\/wp-json\/wp\/v2\/media?parent=111"}],"curies":[{"name":"wp","href":"https:\/\/api.w.org\/{rel}","templated":true}]}}